{"id":2,"date":"2025-10-19T00:16:07","date_gmt":"2025-10-18T22:16:07","guid":{"rendered":"https:\/\/webgites.fr\/?page_id=2"},"modified":"2025-12-28T15:08:01","modified_gmt":"2025-12-28T14:08:01","slug":"a-propos-de-nous","status":"publish","type":"page","link":"https:\/\/digitaloc.fr\/?page_id=2","title":{"rendered":"\u00c0 propos de nous"},"content":{"rendered":"\n<div class=\"wp-block-media-text has-media-on-the-right is-stacked-on-mobile\" style=\"padding-top:var(--wp--preset--spacing--70);padding-bottom:var(--wp--preset--spacing--70)\"><div class=\"wp-block-media-text__content\">\n<div class=\"wp-block-buttons is-layout-flex wp-block-buttons-is-layout-flex\" style=\"border-radius:30px;margin-bottom:var(--wp--preset--spacing--50)\">\n<div class=\"wp-block-button\"><a class=\"wp-block-button__link has-white-color has-text-color has-background has-link-color wp-element-button\" style=\"border-radius:30px;background-color:#8fbf8f\"><strong>Notre histoire<\/strong><\/a><\/div>\n<\/div>\n\n\n\n<h2 class=\"wp-block-heading\"><strong>Qui est <mark style=\"background-color:rgba(0, 0, 0, 0);color:#000000\" class=\"has-inline-color\"><strong>DigitaLoc<\/strong><\/mark><\/strong> <strong>? <\/strong><\/h2>\n\n\n\n<p class=\"has-black-color has-text-color has-link-color wp-elements-e836431a386b69bc5f0515b2e207816b\"><strong>Une agence web proche de ses clients<\/strong><\/p>\n\n\n\n<p class=\"has-text-color has-link-color wp-elements-b837844da30805a5f6e8acd1edf74197\" style=\"color:#707070\">Cr\u00e9\u00e9e en 2025 par Monsieur Abrial, passionn\u00e9 par la cr\u00e9ation de sites vitrines, l\u2019agence <mark style=\"background-color:rgba(0, 0, 0, 0);color:#000000\" class=\"has-inline-color\"><strong>DigitaLoc <\/strong><\/mark>accompagne les propri\u00e9taires de g\u00eetes, chalets ou villas avec une approche simple et efficace.<\/p>\n\n\n\n<p class=\"has-text-color has-link-color wp-elements-4b8bb9af21c925862e56076ab8e4d513\" style=\"color:#707070\">Nous proposons un service personnalis\u00e9 et un suivi rigoureux \u00e0 chaque \u00e9tape. De l\u2019analyse de vos besoins \u00e0 la mise en ligne de votre site, nous vous offrons un accompagnement complet, avec des \u00e9changes simplifi\u00e9s pour plus de clart\u00e9. <\/p>\n\n\n\n<p class=\"has-text-color has-link-color wp-elements-7890144732191f7938f1498a3319a11b\" style=\"color:#707070\">Notre priorit\u00e9 : concevoir des solutions web pens\u00e9es pour r\u00e9pondre aux besoins de nos clients.<br><br><\/p>\n<\/div><figure class=\"wp-block-media-text__media\"><img loading=\"lazy\" decoding=\"async\" width=\"1024\" height=\"683\" src=\"https:\/\/digitaloc.fr\/wp-content\/uploads\/2025\/10\/pexels-photo-927451-927451-1024x683.jpg\" alt=\"Man enjoying a coffee break while working in a modern office with laptop and books.\" class=\"wp-image-237 size-full\" srcset=\"https:\/\/digitaloc.fr\/wp-content\/uploads\/2025\/10\/pexels-photo-927451-927451-1024x683.jpg 1024w, https:\/\/digitaloc.fr\/wp-content\/uploads\/2025\/10\/pexels-photo-927451-927451-300x200.jpg 300w, https:\/\/digitaloc.fr\/wp-content\/uploads\/2025\/10\/pexels-photo-927451-927451-768x512.jpg 768w, https:\/\/digitaloc.fr\/wp-content\/uploads\/2025\/10\/pexels-photo-927451-927451-1536x1024.jpg 1536w, https:\/\/digitaloc.fr\/wp-content\/uploads\/2025\/10\/pexels-photo-927451-927451-2048x1365.jpg 2048w\" sizes=\"auto, (max-width: 1024px) 100vw, 1024px\" \/><\/figure><\/div>\n\n\n\n<div class=\"wp-block-buttons is-content-justification-center is-layout-flex wp-container-core-buttons-is-layout-a89b3969 wp-block-buttons-is-layout-flex\">\n<div class=\"wp-block-button\"><a class=\"wp-block-button__link has-background wp-element-button\" style=\"border-radius:100px;background-color:#8fbf8f\"><strong>Nos valeurs<\/strong><\/a><\/div>\n<\/div>\n\n\n\n<h2 class=\"wp-block-heading has-text-align-center\"><strong>Pourquoi choisir <mark style=\"background-color:rgba(0, 0, 0, 0);color:#000000\" class=\"has-inline-color\"><strong>DigitaLoc<\/strong><\/mark><\/strong> <strong>?<\/strong><\/h2>\n\n\n\n<p class=\"has-text-align-center has-text-color has-link-color wp-elements-c777437e2eeccd96b11efd24f430f9d3\" style=\"color:#707070\">Voici les valeurs qui orientent notre travail au quotidien et renforcent la confiance de nos clients.<\/p>\n\n\n\n<div class=\"wp-block-uagb-container uagb-block-3803228f alignfull uagb-is-root-container\"><div class=\"uagb-container-inner-blocks-wrap\">\n<div class=\"wp-block-uagb-container uagb-block-d4325c09\">\n<div class=\"wp-block-uagb-info-box uagb-block-41042744 uagb-infobox__content-wrap  uagb-infobox-icon-above-title uagb-infobox-image-valign-top\"><div class=\"uagb-ifb-content\"><div class=\"uagb-ifb-title-wrap\"><h3 class=\"uagb-ifb-title\"><strong>Disponibilit\u00e9\/ Rapidit\u00e9<\/strong><\/h3><\/div><p class=\"uagb-ifb-desc\">Nous pla\u00e7ons la r\u00e9activit\u00e9 au c\u0153ur de notre m\u00e9thode. Un professionnel vous accompagne \u00e0 chaque \u00e9tape, et votre site est con\u00e7u en moins d\u2019une semaine pour garantir une prise en charge sans complications.<\/p><\/div><\/div>\n<\/div>\n\n\n\n<div class=\"wp-block-uagb-container uagb-block-c1d60f84\">\n<div class=\"wp-block-uagb-info-box uagb-block-22c6874b uagb-infobox__content-wrap  uagb-infobox-icon-above-title uagb-infobox-image-valign-top\"><div class=\"uagb-ifb-content\"><div class=\"uagb-ifb-title-wrap\"><h3 class=\"uagb-ifb-title\"><strong>Des prix adapt\u00e9s<\/strong><\/h3><\/div><p class=\"uagb-ifb-desc\">Profiter d\u2019un site de qualit\u00e9 \u00e0 un tarif juste n\u2019a jamais \u00e9t\u00e9 aussi simple. Nous proposons des solutions \u00e9conomiques sans compromis sur le suivi. Cela est possible gr\u00e2ce \u00e0 nos techniques de travail optimis\u00e9es.<\/p><\/div><\/div>\n<\/div>\n\n\n\n<div class=\"wp-block-uagb-container uagb-block-ef818199\">\n<div class=\"wp-block-uagb-info-box uagb-block-96a488fb uagb-infobox__content-wrap  uagb-infobox-icon-above-title uagb-infobox-image-valign-top\"><div class=\"uagb-ifb-content\"><div class=\"uagb-ifb-title-wrap\"><h3 class=\"uagb-ifb-title\"><strong>Satisfaction client<\/strong><\/h3><\/div><p class=\"uagb-ifb-desc\">Votre satisfaction est notre priorit\u00e9. Chaque projet est suivi avec soin par un d\u00e9veloppeur, et nous nous assurons que votre site soit livr\u00e9 dans les d\u00e9lais, pour une exp\u00e9rience client optimale.<\/p><\/div><\/div>\n<\/div>\n\n\n\n<div class=\"wp-block-uagb-container uagb-block-9083b24d\">\n<div class=\"wp-block-uagb-info-box uagb-block-52aba4e7 uagb-infobox__content-wrap  uagb-infobox-icon-above-title uagb-infobox-image-valign-top\"><div class=\"uagb-ifb-content\"><div class=\"uagb-ifb-title-wrap\"><h3 class=\"uagb-ifb-title\"><strong>Site s\u00e9curis\u00e9<\/strong><\/h3><\/div><p class=\"uagb-ifb-desc\">La s\u00e9curit\u00e9 de votre site et de vos donn\u00e9es clients est une priorit\u00e9. Gr\u00e2ce \u00e0 un cryptage SSL avanc\u00e9 et \u00e0 un suivi rigoureux, votre site est s\u00e9curis\u00e9, fiable, et livr\u00e9 en moins d\u2019une semaine.<\/p><\/div><\/div>\n<\/div>\n<\/div><\/div>\n\n\n\n<div class=\"wp-block-group alignfull has-text-color has-background uag-hide-mob is-layout-flow wp-block-group-is-layout-flow\" style=\"color:#000000;background-color:#8fbf8f;margin-top:0;margin-bottom:0;padding-top:var(--wp--preset--spacing--30);padding-right:129px;padding-bottom:var(--wp--preset--spacing--30);padding-left:129px\">\n<p><\/p>\n\n\n\n<h2 class=\"wp-block-heading has-text-align-center has-white-color has-text-color has-link-color wp-elements-2e4ac671e5b99a3db61cc4e6ac58c1c4\" id=\"schedule-a-visit\" style=\"font-size:30px;line-height:1.15\"><strong>Pr\u00eat \u00e0 nous faire confiance ?<\/strong><\/h2>\n\n\n\n<div class=\"wp-block-buttons is-horizontal is-content-justification-center is-layout-flex wp-container-core-buttons-is-layout-03627597 wp-block-buttons-is-layout-flex\">\n<div class=\"wp-block-button has-custom-width wp-block-button__width-50\"><a class=\"wp-block-button__link has-white-background-color has-text-color has-background wp-element-button\" href=\"https:\/\/digitaloc.fr\/?page_id=83\" style=\"border-radius:50px;color:#8fbf8f\"><strong>Contactez-nous<\/strong><\/a><\/div>\n<\/div>\n\n\n\n<p><\/p>\n<\/div>\n\n\n\n<div class=\"wp-block-group alignfull has-text-color has-background uag-hide-desktop uag-hide-tab is-layout-flow wp-block-group-is-layout-flow\" style=\"color:#000000;background-color:#8fbf8f;margin-top:0;margin-bottom:0;padding-top:var(--wp--preset--spacing--30);padding-right:6px;padding-bottom:var(--wp--preset--spacing--30);padding-left:6px\">\n<p><\/p>\n\n\n\n<h2 class=\"wp-block-heading has-text-align-center has-white-color has-text-color has-link-color wp-elements-2e4ac671e5b99a3db61cc4e6ac58c1c4\" id=\"schedule-a-visit\" style=\"font-size:30px;line-height:1.15\"><strong>Pr\u00eat \u00e0 nous faire confiance ?<\/strong><\/h2>\n\n\n\n<div class=\"wp-block-buttons is-horizontal is-content-justification-center is-layout-flex wp-container-core-buttons-is-layout-03627597 wp-block-buttons-is-layout-flex\">\n<div class=\"wp-block-button has-custom-width wp-block-button__width-75\"><a class=\"wp-block-button__link has-white-background-color has-text-color has-background has-small-font-size has-custom-font-size wp-element-button\" href=\"https:\/\/digitaloc.fr\/?page_id=83\" style=\"border-radius:50px;color:#8fbf8f\"><strong>Contactez-nous<\/strong><\/a><\/div>\n<\/div>\n\n\n\n<p><\/p>\n<\/div>\n\n\n\n<p><\/p>\n","protected":false},"excerpt":{"rendered":"<p>Pourquoi choisir DigitaLoc ? Voici les valeurs qui orientent notre travail au quotidien et renforcent la confiance de nos clients. [&hellip;]<\/p>\n","protected":false},"author":1,"featured_media":0,"parent":0,"menu_order":0,"comment_status":"closed","ping_status":"open","template":"","meta":{"_uag_custom_page_level_css":"","site-sidebar-layout":"default","site-content-layout":"","ast-site-content-layout":"default","site-content-style":"default","site-sidebar-style":"default","ast-global-header-display":"","ast-banner-title-visibility":"","ast-main-header-display":"","ast-hfb-above-header-display":"","ast-hfb-below-header-display":"","ast-hfb-mobile-header-display":"","site-post-title":"disabled","ast-breadcrumbs-content":"","ast-featured-img":"","footer-sml-layout":"","theme-transparent-header-meta":"","adv-header-id-meta":"","stick-header-meta":"","header-above-stick-meta":"","header-main-stick-meta":"","header-below-stick-meta":"","astra-migrate-meta-layouts":"default","ast-page-background-enabled":"default","ast-page-background-meta":{"desktop":{"background-color":"var(--ast-global-color-5)","background-image":"","background-repeat":"repeat","background-position":"center center","background-size":"auto","background-attachment":"scroll","background-type":"","background-media":"","overlay-type":"","overlay-color":"","overlay-opacity":"","overlay-gradient":""},"tablet":{"background-color":"","background-image":"","background-repeat":"repeat","background-position":"center center","background-size":"auto","background-attachment":"scroll","background-type":"","background-media":"","overlay-type":"","overlay-color":"","overlay-opacity":"","overlay-gradient":""},"mobile":{"background-color":"","background-image":"","background-repeat":"repeat","background-position":"center center","background-size":"auto","background-attachment":"scroll","background-type":"","background-media":"","overlay-type":"","overlay-color":"","overlay-opacity":"","overlay-gradient":""}},"ast-content-background-meta":{"desktop":{"background-color":"var(--ast-global-color-4)","background-image":"","background-repeat":"repeat","background-position":"center center","background-size":"auto","background-attachment":"scroll","background-type":"","background-media":"","overlay-type":"","overlay-color":"","overlay-opacity":"","overlay-gradient":""},"tablet":{"background-color":"var(--ast-global-color-4)","background-image":"","background-repeat":"repeat","background-position":"center center","background-size":"auto","background-attachment":"scroll","background-type":"","background-media":"","overlay-type":"","overlay-color":"","overlay-opacity":"","overlay-gradient":""},"mobile":{"background-color":"var(--ast-global-color-4)","background-image":"","background-repeat":"repeat","background-position":"center center","background-size":"auto","background-attachment":"scroll","background-type":"","background-media":"","overlay-type":"","overlay-color":"","overlay-opacity":"","overlay-gradient":""}},"footnotes":""},"class_list":["post-2","page","type-page","status-publish","hentry"],"yoast_head":"<!-- This site is optimized with the Yoast SEO plugin v26.1.1 - https:\/\/yoast.com\/wordpress\/plugins\/seo\/ -->\n<title>A propos de DigitaLoc : Cr\u00e9ation de sites web rapide -<\/title>\n<meta name=\"description\" content=\"A propos de DigitaLoc, votre agence web d\u00e9di\u00e9e aux projets de g\u00eetes, villas et chalets avec un service personnalis\u00e9 et rapide.\" \/>\n<meta name=\"robots\" content=\"index, follow, max-snippet:-1, max-image-preview:large, max-video-preview:-1\" \/>\n<link rel=\"canonical\" href=\"https:\/\/digitaloc.fr\/?page_id=2\" \/>\n<meta property=\"og:locale\" content=\"fr_FR\" \/>\n<meta property=\"og:type\" content=\"article\" \/>\n<meta property=\"og:title\" content=\"A propos de DigitaLoc : Cr\u00e9ation de sites web rapide -\" \/>\n<meta property=\"og:description\" content=\"A propos de DigitaLoc, votre agence web d\u00e9di\u00e9e aux projets de g\u00eetes, villas et chalets avec un service personnalis\u00e9 et rapide.\" \/>\n<meta property=\"og:url\" content=\"https:\/\/digitaloc.fr\/?page_id=2\" \/>\n<meta property=\"article:modified_time\" content=\"2025-12-28T14:08:01+00:00\" \/>\n<meta property=\"og:image\" content=\"https:\/\/digitaloc.fr\/wp-content\/uploads\/2025\/10\/pexels-photo-927451-927451-scaled.jpg\" \/>\n\t<meta property=\"og:image:width\" content=\"2560\" \/>\n\t<meta property=\"og:image:height\" content=\"1706\" \/>\n\t<meta property=\"og:image:type\" content=\"image\/jpeg\" \/>\n<meta name=\"twitter:card\" content=\"summary_large_image\" \/>\n<meta name=\"twitter:label1\" content=\"Dur\u00e9e de lecture estim\u00e9e\" \/>\n\t<meta name=\"twitter:data1\" content=\"2 minutes\" \/>\n<script type=\"application\/ld+json\" class=\"yoast-schema-graph\">{\"@context\":\"https:\/\/schema.org\",\"@graph\":[{\"@type\":\"WebPage\",\"@id\":\"https:\/\/digitaloc.fr\/?page_id=2\",\"url\":\"https:\/\/digitaloc.fr\/?page_id=2\",\"name\":\"A propos de DigitaLoc : Cr\u00e9ation de sites web rapide -\",\"isPartOf\":{\"@id\":\"https:\/\/digitaloc.fr\/#website\"},\"primaryImageOfPage\":{\"@id\":\"https:\/\/digitaloc.fr\/?page_id=2#primaryimage\"},\"image\":{\"@id\":\"https:\/\/digitaloc.fr\/?page_id=2#primaryimage\"},\"thumbnailUrl\":\"https:\/\/digitaloc.fr\/wp-content\/uploads\/2025\/10\/pexels-photo-927451-927451-1024x683.jpg\",\"datePublished\":\"2025-10-18T22:16:07+00:00\",\"dateModified\":\"2025-12-28T14:08:01+00:00\",\"description\":\"A propos de DigitaLoc, votre agence web d\u00e9di\u00e9e aux projets de g\u00eetes, villas et chalets avec un service personnalis\u00e9 et rapide.\",\"breadcrumb\":{\"@id\":\"https:\/\/digitaloc.fr\/?page_id=2#breadcrumb\"},\"inLanguage\":\"fr-FR\",\"potentialAction\":[{\"@type\":\"ReadAction\",\"target\":[\"https:\/\/digitaloc.fr\/?page_id=2\"]}]},{\"@type\":\"ImageObject\",\"inLanguage\":\"fr-FR\",\"@id\":\"https:\/\/digitaloc.fr\/?page_id=2#primaryimage\",\"url\":\"https:\/\/digitaloc.fr\/wp-content\/uploads\/2025\/10\/pexels-photo-927451-927451-scaled.jpg\",\"contentUrl\":\"https:\/\/digitaloc.fr\/wp-content\/uploads\/2025\/10\/pexels-photo-927451-927451-scaled.jpg\",\"width\":2560,\"height\":1706,\"caption\":\"Man enjoying a coffee break while working in a modern office with laptop and books.\"},{\"@type\":\"BreadcrumbList\",\"@id\":\"https:\/\/digitaloc.fr\/?page_id=2#breadcrumb\",\"itemListElement\":[{\"@type\":\"ListItem\",\"position\":1,\"name\":\"Accueil\",\"item\":\"https:\/\/digitaloc.fr\/\"},{\"@type\":\"ListItem\",\"position\":2,\"name\":\"\u00c0 propos de nous\"}]},{\"@type\":\"WebSite\",\"@id\":\"https:\/\/digitaloc.fr\/#website\",\"url\":\"https:\/\/digitaloc.fr\/\",\"name\":\"\",\"description\":\"\",\"potentialAction\":[{\"@type\":\"SearchAction\",\"target\":{\"@type\":\"EntryPoint\",\"urlTemplate\":\"https:\/\/digitaloc.fr\/?s={search_term_string}\"},\"query-input\":{\"@type\":\"PropertyValueSpecification\",\"valueRequired\":true,\"valueName\":\"search_term_string\"}}],\"inLanguage\":\"fr-FR\"}]}<\/script>\n<!-- \/ Yoast SEO plugin. -->","yoast_head_json":{"title":"A propos de DigitaLoc : Cr\u00e9ation de sites web rapide -","description":"A propos de DigitaLoc, votre agence web d\u00e9di\u00e9e aux projets de g\u00eetes, villas et chalets avec un service personnalis\u00e9 et rapide.","robots":{"index":"index","follow":"follow","max-snippet":"max-snippet:-1","max-image-preview":"max-image-preview:large","max-video-preview":"max-video-preview:-1"},"canonical":"https:\/\/digitaloc.fr\/?page_id=2","og_locale":"fr_FR","og_type":"article","og_title":"A propos de DigitaLoc : Cr\u00e9ation de sites web rapide -","og_description":"A propos de DigitaLoc, votre agence web d\u00e9di\u00e9e aux projets de g\u00eetes, villas et chalets avec un service personnalis\u00e9 et rapide.","og_url":"https:\/\/digitaloc.fr\/?page_id=2","article_modified_time":"2025-12-28T14:08:01+00:00","og_image":[{"width":2560,"height":1706,"url":"https:\/\/digitaloc.fr\/wp-content\/uploads\/2025\/10\/pexels-photo-927451-927451-scaled.jpg","type":"image\/jpeg"}],"twitter_card":"summary_large_image","twitter_misc":{"Dur\u00e9e de lecture estim\u00e9e":"2 minutes"},"schema":{"@context":"https:\/\/schema.org","@graph":[{"@type":"WebPage","@id":"https:\/\/digitaloc.fr\/?page_id=2","url":"https:\/\/digitaloc.fr\/?page_id=2","name":"A propos de DigitaLoc : Cr\u00e9ation de sites web rapide -","isPartOf":{"@id":"https:\/\/digitaloc.fr\/#website"},"primaryImageOfPage":{"@id":"https:\/\/digitaloc.fr\/?page_id=2#primaryimage"},"image":{"@id":"https:\/\/digitaloc.fr\/?page_id=2#primaryimage"},"thumbnailUrl":"https:\/\/digitaloc.fr\/wp-content\/uploads\/2025\/10\/pexels-photo-927451-927451-1024x683.jpg","datePublished":"2025-10-18T22:16:07+00:00","dateModified":"2025-12-28T14:08:01+00:00","description":"A propos de DigitaLoc, votre agence web d\u00e9di\u00e9e aux projets de g\u00eetes, villas et chalets avec un service personnalis\u00e9 et rapide.","breadcrumb":{"@id":"https:\/\/digitaloc.fr\/?page_id=2#breadcrumb"},"inLanguage":"fr-FR","potentialAction":[{"@type":"ReadAction","target":["https:\/\/digitaloc.fr\/?page_id=2"]}]},{"@type":"ImageObject","inLanguage":"fr-FR","@id":"https:\/\/digitaloc.fr\/?page_id=2#primaryimage","url":"https:\/\/digitaloc.fr\/wp-content\/uploads\/2025\/10\/pexels-photo-927451-927451-scaled.jpg","contentUrl":"https:\/\/digitaloc.fr\/wp-content\/uploads\/2025\/10\/pexels-photo-927451-927451-scaled.jpg","width":2560,"height":1706,"caption":"Man enjoying a coffee break while working in a modern office with laptop and books."},{"@type":"BreadcrumbList","@id":"https:\/\/digitaloc.fr\/?page_id=2#breadcrumb","itemListElement":[{"@type":"ListItem","position":1,"name":"Accueil","item":"https:\/\/digitaloc.fr\/"},{"@type":"ListItem","position":2,"name":"\u00c0 propos de nous"}]},{"@type":"WebSite","@id":"https:\/\/digitaloc.fr\/#website","url":"https:\/\/digitaloc.fr\/","name":"","description":"","potentialAction":[{"@type":"SearchAction","target":{"@type":"EntryPoint","urlTemplate":"https:\/\/digitaloc.fr\/?s={search_term_string}"},"query-input":{"@type":"PropertyValueSpecification","valueRequired":true,"valueName":"search_term_string"}}],"inLanguage":"fr-FR"}]}},"uagb_featured_image_src":{"full":false,"thumbnail":false,"medium":false,"medium_large":false,"large":false,"1536x1536":false,"2048x2048":false},"uagb_author_info":{"display_name":"evanabrial940@gmail.com","author_link":"https:\/\/digitaloc.fr\/?author=1"},"uagb_comment_info":0,"uagb_excerpt":"Pourquoi choisir DigitaLoc ? Voici les valeurs qui orientent notre travail au quotidien et renforcent la confiance de nos clients. [&hellip;]","_links":{"self":[{"href":"https:\/\/digitaloc.fr\/index.php?rest_route=\/wp\/v2\/pages\/2","targetHints":{"allow":["GET"]}}],"collection":[{"href":"https:\/\/digitaloc.fr\/index.php?rest_route=\/wp\/v2\/pages"}],"about":[{"href":"https:\/\/digitaloc.fr\/index.php?rest_route=\/wp\/v2\/types\/page"}],"author":[{"embeddable":true,"href":"https:\/\/digitaloc.fr\/index.php?rest_route=\/wp\/v2\/users\/1"}],"replies":[{"embeddable":true,"href":"https:\/\/digitaloc.fr\/index.php?rest_route=%2Fwp%2Fv2%2Fcomments&post=2"}],"version-history":[{"count":23,"href":"https:\/\/digitaloc.fr\/index.php?rest_route=\/wp\/v2\/pages\/2\/revisions"}],"predecessor-version":[{"id":885,"href":"https:\/\/digitaloc.fr\/index.php?rest_route=\/wp\/v2\/pages\/2\/revisions\/885"}],"wp:attachment":[{"href":"https:\/\/digitaloc.fr\/index.php?rest_route=%2Fwp%2Fv2%2Fmedia&parent=2"}],"curies":[{"name":"wp","href":"https:\/\/api.w.org\/{rel}","templated":true}]}}