{"id":462,"date":"2025-11-24T11:51:52","date_gmt":"2025-11-24T10:51:52","guid":{"rendered":"https:\/\/webgites.fr\/?page_id=462"},"modified":"2025-12-28T15:24:30","modified_gmt":"2025-12-28T14:24:30","slug":"mentions-legales","status":"publish","type":"page","link":"https:\/\/digitaloc.fr\/?page_id=462","title":{"rendered":"Mentions l\u00e9gales"},"content":{"rendered":"\n<h2 class=\"wp-block-heading\"><strong>\u00c9diteur et propri\u00e9taire du site internet<\/strong><\/h2>\n\n\n\n<p class=\"has-black-color has-text-color has-link-color wp-elements-6402c3c0a2589dbe004df8a485faa284\">Le site digitaloc.fr est \u00e9dit\u00e9 par l\u2019entreprise DigitaLoc<\/p>\n\n\n\n<p class=\"has-black-color has-text-color has-link-color wp-elements-b486114c55a1c480bf52aa8f887edd51\">Email : contact@digitaloc.fr<\/p>\n\n\n\n<p class=\"has-black-color has-text-color has-link-color wp-elements-daf0c17116750d4e94a4c29eecc5c007\">N\u00b0 SIRET : en cours<\/p>\n\n\n\n<p class=\"has-black-color has-text-color has-link-color wp-elements-263b35e249c00b3a9cc56b3e2f5ebfe5\">Adresse\/si\u00e8ge social : en cours<\/p>\n\n\n\n<h2 class=\"wp-block-heading\"><strong>Conception et r\u00e9alisation du site internet<\/strong><\/h2>\n\n\n\n<p class=\"has-black-color has-text-color has-link-color wp-elements-14ae398a6add44ce35c8af142b8b6580\">Le site digitaloc.fr a \u00e9t\u00e9 con\u00e7u et r\u00e9alis\u00e9 par l\u2019entreprise DigitaLoc<\/p>\n\n\n\n<h2 class=\"wp-block-heading\"><strong>H\u00e9bergement du site web<\/strong><\/h2>\n\n\n\n<p class=\"has-black-color has-text-color has-link-color wp-elements-c4700e48d7173ec05088f443d5ad259c\">Le site digitaloc.fr est h\u00e9berg\u00e9 par HOSTINGER<\/p>\n\n\n\n<h2 class=\"wp-block-heading\"><strong>Droits de reproduction<\/strong><\/h2>\n\n\n\n<p class=\"has-black-color has-text-color has-link-color wp-elements-5e1ccc51e7cefe1246f6c66f4869dacf\"><strong>Protection des contenus<\/strong><br>Tous les \u00e9l\u00e9ments constituant ce site (textes, images, maquettes, logos, interfaces) sont la propri\u00e9t\u00e9 intellectuelle exclusive de DigitaLoc et sont prot\u00e9g\u00e9s par les lois fran\u00e7aises et internationales relatives \u00e0 la propri\u00e9t\u00e9 intellectuelle.<\/p>\n\n\n\n<p class=\"has-black-color has-text-color has-link-color wp-elements-8da471561d4077611cdb1f1fa7581255\">Toute reproduction, repr\u00e9sentation, diffusion ou r\u00e9utilisation, m\u00eame partielle, des contenus de ce site par quelque proc\u00e9d\u00e9 que ce soit est strictement interdite sans une autorisation \u00e9crite et pr\u00e9alable de ma part. Toute infraction \u00e0 cette r\u00e8gle pourra donner lieu \u00e0 des poursuites.<\/p>\n\n\n\n<p class=\"has-black-color has-text-color has-link-color wp-elements-c77f34262b916a81a17b8240cdc95139\"><strong>Vos droits sur vos donn\u00e9es personnelles<\/strong><br>Conform\u00e9ment au R\u00e8glement G\u00e9n\u00e9ral sur la Protection des Donn\u00e9es (RGPD) et \u00e0 la loi \u00ab Informatique et Libert\u00e9s \u00bb, vous disposez d&rsquo;un droit d&rsquo;acc\u00e8s, de rectification, de suppression, de limitation et de portabilit\u00e9 sur les donn\u00e9es personnelles vous concernant.<\/p>\n\n\n\n<p class=\"has-black-color has-text-color has-link-color wp-elements-ac285fadefbf8fec35671e86d33363e4\">Vous pouvez exercer ces droits \u00e0 tout moment en m&rsquo;adressant votre demande \u00e0 l&rsquo;adresse suivante :<br>contact@digitaloc.fr<\/p>\n\n\n\n<p class=\"has-black-color has-text-color has-link-color wp-elements-b371f3360802809bd14aeb37ebb09ef4\">Pour toute question relative \u00e0 la protection de vos donn\u00e9es, vous pouvez \u00e9galement consulter ma <a href=\"https:\/\/digitaloc.fr\/?page_id=3\">politique de Confidentialit\u00e9<\/a> d\u00e9taill\u00e9e.<\/p>\n\n\n\n<p class=\"has-black-color has-text-color has-link-color wp-elements-9ac00cf961d1ea846fe5a532228b76c6\"><\/p>\n","protected":false},"excerpt":{"rendered":"<p>\u00c9diteur et propri\u00e9taire du site internet Le site digitaloc.fr est \u00e9dit\u00e9 par l\u2019entreprise DigitaLoc Email : contact@digitaloc.fr N\u00b0 SIRET : [&hellip;]<\/p>\n","protected":false},"author":1,"featured_media":0,"parent":0,"menu_order":0,"comment_status":"closed","ping_status":"closed","template":"","meta":{"_uag_custom_page_level_css":"","site-sidebar-layout":"default","site-content-layout":"","ast-site-content-layout":"default","site-content-style":"default","site-sidebar-style":"default","ast-global-header-display":"","ast-banner-title-visibility":"","ast-main-header-display":"","ast-hfb-above-header-display":"","ast-hfb-below-header-display":"","ast-hfb-mobile-header-display":"","site-post-title":"","ast-breadcrumbs-content":"","ast-featured-img":"","footer-sml-layout":"","theme-transparent-header-meta":"","adv-header-id-meta":"","stick-header-meta":"","header-above-stick-meta":"","header-main-stick-meta":"","header-below-stick-meta":"","astra-migrate-meta-layouts":"default","ast-page-background-enabled":"default","ast-page-background-meta":{"desktop":{"background-color":"var(--ast-global-color-5)","background-image":"","background-repeat":"repeat","background-position":"center center","background-size":"auto","background-attachment":"scroll","background-type":"","background-media":"","overlay-type":"","overlay-color":"","overlay-opacity":"","overlay-gradient":""},"tablet":{"background-color":"","background-image":"","background-repeat":"repeat","background-position":"center center","background-size":"auto","background-attachment":"scroll","background-type":"","background-media":"","overlay-type":"","overlay-color":"","overlay-opacity":"","overlay-gradient":""},"mobile":{"background-color":"","background-image":"","background-repeat":"repeat","background-position":"center center","background-size":"auto","background-attachment":"scroll","background-type":"","background-media":"","overlay-type":"","overlay-color":"","overlay-opacity":"","overlay-gradient":""}},"ast-content-background-meta":{"desktop":{"background-color":"var(--ast-global-color-4)","background-image":"","background-repeat":"repeat","background-position":"center center","background-size":"auto","background-attachment":"scroll","background-type":"","background-media":"","overlay-type":"","overlay-color":"","overlay-opacity":"","overlay-gradient":""},"tablet":{"background-color":"var(--ast-global-color-4)","background-image":"","background-repeat":"repeat","background-position":"center center","background-size":"auto","background-attachment":"scroll","background-type":"","background-media":"","overlay-type":"","overlay-color":"","overlay-opacity":"","overlay-gradient":""},"mobile":{"background-color":"var(--ast-global-color-4)","background-image":"","background-repeat":"repeat","background-position":"center center","background-size":"auto","background-attachment":"scroll","background-type":"","background-media":"","overlay-type":"","overlay-color":"","overlay-opacity":"","overlay-gradient":""}},"footnotes":""},"class_list":["post-462","page","type-page","status-publish","hentry"],"yoast_head":"<!-- This site is optimized with the Yoast SEO plugin v26.1.1 - https:\/\/yoast.com\/wordpress\/plugins\/seo\/ -->\n<title>Mentions l\u00e9gales - D\u00e9couvrez-les<\/title>\n<meta name=\"description\" content=\"Voici les mentions l\u00e9gales du site r\u00e9f\u00e9rence pour la digitalisation de votre location professionnelle en toute l\u00e9galit\u00e9.\" \/>\n<meta name=\"robots\" content=\"index, follow, max-snippet:-1, max-image-preview:large, max-video-preview:-1\" \/>\n<link rel=\"canonical\" href=\"https:\/\/digitaloc.fr\/?page_id=462\" \/>\n<meta property=\"og:locale\" content=\"fr_FR\" \/>\n<meta property=\"og:type\" content=\"article\" \/>\n<meta property=\"og:title\" content=\"Mentions l\u00e9gales - D\u00e9couvrez-les\" \/>\n<meta property=\"og:description\" content=\"Voici les mentions l\u00e9gales du site r\u00e9f\u00e9rence pour la digitalisation de votre location professionnelle en toute l\u00e9galit\u00e9.\" \/>\n<meta property=\"og:url\" content=\"https:\/\/digitaloc.fr\/?page_id=462\" \/>\n<meta property=\"article:modified_time\" content=\"2025-12-28T14:24:30+00:00\" \/>\n<meta name=\"twitter:card\" content=\"summary_large_image\" \/>\n<meta name=\"twitter:label1\" content=\"Dur\u00e9e de lecture estim\u00e9e\" \/>\n\t<meta name=\"twitter:data1\" content=\"2 minutes\" \/>\n<script type=\"application\/ld+json\" class=\"yoast-schema-graph\">{\"@context\":\"https:\/\/schema.org\",\"@graph\":[{\"@type\":\"WebPage\",\"@id\":\"https:\/\/digitaloc.fr\/?page_id=462\",\"url\":\"https:\/\/digitaloc.fr\/?page_id=462\",\"name\":\"Mentions l\u00e9gales - D\u00e9couvrez-les\",\"isPartOf\":{\"@id\":\"https:\/\/digitaloc.fr\/#website\"},\"datePublished\":\"2025-11-24T10:51:52+00:00\",\"dateModified\":\"2025-12-28T14:24:30+00:00\",\"description\":\"Voici les mentions l\u00e9gales du site r\u00e9f\u00e9rence pour la digitalisation de votre location professionnelle en toute l\u00e9galit\u00e9.\",\"breadcrumb\":{\"@id\":\"https:\/\/digitaloc.fr\/?page_id=462#breadcrumb\"},\"inLanguage\":\"fr-FR\",\"potentialAction\":[{\"@type\":\"ReadAction\",\"target\":[\"https:\/\/digitaloc.fr\/?page_id=462\"]}]},{\"@type\":\"BreadcrumbList\",\"@id\":\"https:\/\/digitaloc.fr\/?page_id=462#breadcrumb\",\"itemListElement\":[{\"@type\":\"ListItem\",\"position\":1,\"name\":\"Accueil\",\"item\":\"https:\/\/digitaloc.fr\/\"},{\"@type\":\"ListItem\",\"position\":2,\"name\":\"Mentions l\u00e9gales\"}]},{\"@type\":\"WebSite\",\"@id\":\"https:\/\/digitaloc.fr\/#website\",\"url\":\"https:\/\/digitaloc.fr\/\",\"name\":\"\",\"description\":\"\",\"potentialAction\":[{\"@type\":\"SearchAction\",\"target\":{\"@type\":\"EntryPoint\",\"urlTemplate\":\"https:\/\/digitaloc.fr\/?s={search_term_string}\"},\"query-input\":{\"@type\":\"PropertyValueSpecification\",\"valueRequired\":true,\"valueName\":\"search_term_string\"}}],\"inLanguage\":\"fr-FR\"}]}<\/script>\n<!-- \/ Yoast SEO plugin. -->","yoast_head_json":{"title":"Mentions l\u00e9gales - D\u00e9couvrez-les","description":"Voici les mentions l\u00e9gales du site r\u00e9f\u00e9rence pour la digitalisation de votre location professionnelle en toute l\u00e9galit\u00e9.","robots":{"index":"index","follow":"follow","max-snippet":"max-snippet:-1","max-image-preview":"max-image-preview:large","max-video-preview":"max-video-preview:-1"},"canonical":"https:\/\/digitaloc.fr\/?page_id=462","og_locale":"fr_FR","og_type":"article","og_title":"Mentions l\u00e9gales - D\u00e9couvrez-les","og_description":"Voici les mentions l\u00e9gales du site r\u00e9f\u00e9rence pour la digitalisation de votre location professionnelle en toute l\u00e9galit\u00e9.","og_url":"https:\/\/digitaloc.fr\/?page_id=462","article_modified_time":"2025-12-28T14:24:30+00:00","twitter_card":"summary_large_image","twitter_misc":{"Dur\u00e9e de lecture estim\u00e9e":"2 minutes"},"schema":{"@context":"https:\/\/schema.org","@graph":[{"@type":"WebPage","@id":"https:\/\/digitaloc.fr\/?page_id=462","url":"https:\/\/digitaloc.fr\/?page_id=462","name":"Mentions l\u00e9gales - D\u00e9couvrez-les","isPartOf":{"@id":"https:\/\/digitaloc.fr\/#website"},"datePublished":"2025-11-24T10:51:52+00:00","dateModified":"2025-12-28T14:24:30+00:00","description":"Voici les mentions l\u00e9gales du site r\u00e9f\u00e9rence pour la digitalisation de votre location professionnelle en toute l\u00e9galit\u00e9.","breadcrumb":{"@id":"https:\/\/digitaloc.fr\/?page_id=462#breadcrumb"},"inLanguage":"fr-FR","potentialAction":[{"@type":"ReadAction","target":["https:\/\/digitaloc.fr\/?page_id=462"]}]},{"@type":"BreadcrumbList","@id":"https:\/\/digitaloc.fr\/?page_id=462#breadcrumb","itemListElement":[{"@type":"ListItem","position":1,"name":"Accueil","item":"https:\/\/digitaloc.fr\/"},{"@type":"ListItem","position":2,"name":"Mentions l\u00e9gales"}]},{"@type":"WebSite","@id":"https:\/\/digitaloc.fr\/#website","url":"https:\/\/digitaloc.fr\/","name":"","description":"","potentialAction":[{"@type":"SearchAction","target":{"@type":"EntryPoint","urlTemplate":"https:\/\/digitaloc.fr\/?s={search_term_string}"},"query-input":{"@type":"PropertyValueSpecification","valueRequired":true,"valueName":"search_term_string"}}],"inLanguage":"fr-FR"}]}},"uagb_featured_image_src":{"full":false,"thumbnail":false,"medium":false,"medium_large":false,"large":false,"1536x1536":false,"2048x2048":false},"uagb_author_info":{"display_name":"evanabrial940@gmail.com","author_link":"https:\/\/digitaloc.fr\/?author=1"},"uagb_comment_info":0,"uagb_excerpt":"\u00c9diteur et propri\u00e9taire du site internet Le site digitaloc.fr est \u00e9dit\u00e9 par l\u2019entreprise DigitaLoc Email : contact@digitaloc.fr N\u00b0 SIRET : [&hellip;]","_links":{"self":[{"href":"https:\/\/digitaloc.fr\/index.php?rest_route=\/wp\/v2\/pages\/462","targetHints":{"allow":["GET"]}}],"collection":[{"href":"https:\/\/digitaloc.fr\/index.php?rest_route=\/wp\/v2\/pages"}],"about":[{"href":"https:\/\/digitaloc.fr\/index.php?rest_route=\/wp\/v2\/types\/page"}],"author":[{"embeddable":true,"href":"https:\/\/digitaloc.fr\/index.php?rest_route=\/wp\/v2\/users\/1"}],"replies":[{"embeddable":true,"href":"https:\/\/digitaloc.fr\/index.php?rest_route=%2Fwp%2Fv2%2Fcomments&post=462"}],"version-history":[{"count":4,"href":"https:\/\/digitaloc.fr\/index.php?rest_route=\/wp\/v2\/pages\/462\/revisions"}],"predecessor-version":[{"id":801,"href":"https:\/\/digitaloc.fr\/index.php?rest_route=\/wp\/v2\/pages\/462\/revisions\/801"}],"wp:attachment":[{"href":"https:\/\/digitaloc.fr\/index.php?rest_route=%2Fwp%2Fv2%2Fmedia&parent=462"}],"curies":[{"name":"wp","href":"https:\/\/api.w.org\/{rel}","templated":true}]}}