{"id":719,"date":"2025-12-04T22:43:53","date_gmt":"2025-12-04T21:43:53","guid":{"rendered":"https:\/\/webgites.fr\/?page_id=719"},"modified":"2025-12-28T15:13:42","modified_gmt":"2025-12-28T14:13:42","slug":"apporteur-daffaire","status":"publish","type":"page","link":"https:\/\/digitaloc.fr\/?page_id=719","title":{"rendered":"Apporteur d&rsquo;affaire"},"content":{"rendered":"\n<div class=\"wp-block-uagb-container uagb-block-bb06a25d alignfull uagb-is-root-container\"><div class=\"uagb-container-inner-blocks-wrap\">\n<div class=\"wp-block-uagb-container uagb-block-9706694f\">\n<div class=\"wp-block-uagb-container uagb-block-dbf072bc\">\n<h2 class=\"wp-block-heading has-text-align-center has-white-color has-text-color has-background has-link-color uag-hide-mob wp-elements-5f85cf29d1bc11fb3a50fc2955c5a7d6\" style=\"border-style:none;border-width:0px;border-radius:30px;background-color:#8fbf8f;margin-top:6.8rem;padding-top:var(--wp--preset--spacing--20);padding-right:8.2rem;padding-bottom:var(--wp--preset--spacing--20);padding-left:8.2rem\"><strong>DEVENEZ APPORTEUR D&rsquo;AFFAIRE<\/strong><\/h2>\n\n\n\n<h2 class=\"wp-block-heading has-text-align-center has-white-color has-text-color has-background has-link-color uag-hide-desktop uag-hide-tab wp-elements-709d228042215fc028fc1cb6e4f70dfc\" style=\"border-style:none;border-width:0px;border-radius:30px;background-color:#8fbf8f;margin-top:6.8rem;padding-top:var(--wp--preset--spacing--20);padding-right:0rem;padding-bottom:var(--wp--preset--spacing--20);padding-left:0rem\"><strong>DEVENEZ APPORTEUR D&rsquo;AFFAIRE<\/strong><\/h2>\n<\/div>\n<\/div>\n\n\n\n<div class=\"wp-block-uagb-container uagb-block-73eede66\">\n<h4 class=\"wp-block-heading has-text-align-center has-black-color has-text-color has-link-color wp-elements-68aa38ebbf5d24f81a91b35f5b65b4ea\" style=\"margin-bottom:9.2rem\"><strong><mark style=\"background-color:rgba(0, 0, 0, 0);color:#000000\" class=\"has-inline-color\"><strong>DigitaLoc<\/strong><\/mark><\/strong> <strong>recrute des postes partout en France<\/strong> <strong>!<\/strong><\/h4>\n<\/div>\n<\/div><\/div>\n\n\n\n<h2 class=\"wp-block-heading has-text-align-center has-black-color has-text-color has-link-color wp-elements-2995966a361c72efc1fbb6a8eb457201\"><strong>POURQUOI DEVENIR APPORTEUR D&rsquo;AFFAIRES POUR DIGITALOC ? <\/strong><\/h2>\n\n\n\n<div class=\"wp-block-uagb-container uagb-block-f440a320 alignfull uagb-is-root-container\"><div class=\"uagb-container-inner-blocks-wrap\">\n<div class=\"wp-block-uagb-container uagb-block-e5c4259c\">\n<div class=\"wp-block-uagb-info-box uagb-block-f7c215a2 uagb-infobox__content-wrap  uagb-infobox-icon-above-title uagb-infobox-image-valign-top\"><div class=\"uagb-ifb-content\"><div class=\"uagb-ifb-icon-wrap\"><svg xmlns=\"https:\/\/www.w3.org\/2000\/svg\" viewBox=\"0 0 576 512\"><path d=\"M144.3 32.04C106.9 31.29 63.7 41.44 18.6 61.29c-11.42 5.026-18.6 16.67-18.6 29.15l0 357.6c0 11.55 11.99 19.55 22.45 14.65c126.3-59.14 219.8 11 223.8 14.01C249.1 478.9 252.5 480 256 480c12.4 0 16-11.38 16-15.98V80.04c0-5.203-2.531-10.08-6.781-13.08C263.3 65.58 216.7 33.35 144.3 32.04zM557.4 61.29c-45.11-19.79-88.48-29.61-125.7-29.26c-72.44 1.312-118.1 33.55-120.9 34.92C306.5 69.96 304 74.83 304 80.04v383.1C304 468.4 307.5 480 320 480c3.484 0 6.938-1.125 9.781-3.328c3.925-3.018 97.44-73.16 223.8-14c10.46 4.896 22.45-3.105 22.45-14.65l.0001-357.6C575.1 77.97 568.8 66.31 557.4 61.29z\"><\/path><\/svg><\/div><div class=\"uagb-ifb-title-wrap\"><h3 class=\"uagb-ifb-title\"><strong>Formation gratuite<\/strong><\/h3><\/div><p class=\"uagb-ifb-desc\">B\u00e9n\u00e9ficiez d\u2019une formation d\u2019entr\u00e9e gratuite, avec des techniques de vente ainsi qu\u2019une pr\u00e9sentation de l\u2019entreprise.<\/p><\/div><\/div>\n<\/div>\n\n\n\n<div class=\"wp-block-uagb-container uagb-block-d30128fb\">\n<div class=\"wp-block-uagb-info-box uagb-block-cbe3cfa8 uagb-infobox__content-wrap  uagb-infobox-icon-above-title uagb-infobox-image-valign-top\"><div class=\"uagb-ifb-content\"><div class=\"uagb-ifb-icon-wrap\"><svg xmlns=\"https:\/\/www.w3.org\/2000\/svg\" viewBox=\"0 0 384 512\"><path d=\"M64 240C46.33 240 32 225.7 32 208C32 190.3 46.33 176 64 176H92.29C121.9 92.11 201.1 32 296 32H320C337.7 32 352 46.33 352 64C352 81.67 337.7 96 320 96H296C238.1 96 187.8 128.4 162.1 176H288C305.7 176 320 190.3 320 208C320 225.7 305.7 240 288 240H144.2C144.1 242.6 144 245.3 144 248V264C144 266.7 144.1 269.4 144.2 272H288C305.7 272 320 286.3 320 304C320 321.7 305.7 336 288 336H162.1C187.8 383.6 238.1 416 296 416H320C337.7 416 352 430.3 352 448C352 465.7 337.7 480 320 480H296C201.1 480 121.9 419.9 92.29 336H64C46.33 336 32 321.7 32 304C32 286.3 46.33 272 64 272H80.15C80.05 269.3 80 266.7 80 264V248C80 245.3 80.05 242.7 80.15 240H64z\"><\/path><\/svg><\/div><div class=\"uagb-ifb-title-wrap\"><h3 class=\"uagb-ifb-title\"><strong>Offre attractive<\/strong><\/h3><\/div><p class=\"uagb-ifb-desc\">B\u00e9n\u00e9ficiez d&rsquo;offres avantageuses pour vos clients, avec des prix comp\u00e9titifs qui stimulent votre chiffre d&rsquo;affaires.<\/p><\/div><\/div>\n<\/div>\n\n\n\n<div class=\"wp-block-uagb-container uagb-block-d039d4ed\">\n<div class=\"wp-block-uagb-info-box uagb-block-2ed28b25 uagb-infobox__content-wrap  uagb-infobox-icon-above-title uagb-infobox-image-valign-top\"><div class=\"uagb-ifb-content\"><div class=\"uagb-ifb-icon-wrap\"><svg xmlns=\"https:\/\/www.w3.org\/2000\/svg\" viewBox=\"0 0 640 512\"><path d=\"M224 256c70.7 0 128-57.31 128-128S294.7 0 224 0C153.3 0 96 57.31 96 128S153.3 256 224 256zM274.7 304H173.3c-95.73 0-173.3 77.6-173.3 173.3C0 496.5 15.52 512 34.66 512H413.3C432.5 512 448 496.5 448 477.3C448 381.6 370.4 304 274.7 304zM479.1 320h-73.85C451.2 357.7 480 414.1 480 477.3C480 490.1 476.2 501.9 470 512h138C625.7 512 640 497.6 640 479.1C640 391.6 568.4 320 479.1 320zM432 256C493.9 256 544 205.9 544 144S493.9 32 432 32c-25.11 0-48.04 8.555-66.72 22.51C376.8 76.63 384 101.4 384 128c0 35.52-11.93 68.14-31.59 94.71C372.7 243.2 400.8 256 432 256z\"><\/path><\/svg><\/div><div class=\"uagb-ifb-title-wrap\"><h3 class=\"uagb-ifb-title\"><strong>Accompagnement<\/strong><\/h3><\/div><p class=\"uagb-ifb-desc\">B\u00e9n\u00e9ficiez d\u2019un accompagnement assur\u00e9 par vos coachs r\u00e9f\u00e9rents, qui vous guideront tout au long de vos ventes.<\/p><\/div><\/div>\n<\/div>\n<\/div><\/div>\n\n\n\n<h2 class=\"wp-block-heading has-text-align-center has-black-color has-text-color has-link-color wp-elements-b3cc2209c78688048c8688d2ac84f218\"><strong>Quel profil ?<\/strong><\/h2>\n\n\n\n<p class=\"has-black-color has-text-color has-link-color has-medium-font-size wp-elements-e89ec0a3e074dd66df5b7cbb1fac5ae1\">Que vous soyez d\u00e9butant ou d\u00e9j\u00e0 exp\u00e9riment\u00e9 dans la vente, <strong><strong><mark style=\"background-color:rgba(0, 0, 0, 0);color:#8fbf8f\" class=\"has-inline-color\">DigitaLoc<\/mark><\/strong><\/strong><mark style=\"background-color:rgba(0, 0, 0, 0);color:#000000\" class=\"has-inline-color\"> <\/mark><strong><mark style=\"background-color:rgba(0, 0, 0, 0);color:#8fbf8f\" class=\"has-inline-color\">recherche des ind\u00e9pendants partout en France<\/mark><\/strong> !<\/p>\n\n\n\n<p class=\"has-black-color has-text-color has-link-color has-medium-font-size wp-elements-14ac996bbb0cf77579f8944774891d42\">Vous avez le sens du commerce et l\u2019envie de vous d\u00e9passer ? Rejoignez un r\u00e9seau en pleine croissance ! Chez <mark style=\"background-color:rgba(0, 0, 0, 0);color:#000000\" class=\"has-inline-color\"><strong><strong>DigitaLoc<\/strong><\/strong> <\/mark>, <strong><mark style=\"background-color:rgba(0, 0, 0, 0);color:#8fbf8f\" class=\"has-inline-color\">aucun dipl\u00f4me n\u2019est requis<\/mark><\/strong>. Nous mettons \u00e0 votre disposition une <strong><mark style=\"background-color:rgba(0, 0, 0, 0);color:#8fbf8f\" class=\"has-inline-color\">formation commerciale et juridique<\/mark><\/strong> pour vous donner toutes les cartes en main, ainsi qu\u2019un <strong><mark style=\"background-color:rgba(0, 0, 0, 0);color:#8fbf8f\" class=\"has-inline-color\">accompagnement personnalis\u00e9<\/mark><\/strong> avec un coach d\u00e9di\u00e9 pour vous aider \u00e0 progresser en continu.<\/p>\n\n\n\n<p class=\"has-black-color has-text-color has-link-color has-medium-font-size wp-elements-2f2e7dd05c0fae88935062da9ee9784a\">En tant que commercial ind\u00e9pendant, vous profitez aussi de la libert\u00e9 d\u2019\u00eatre votre propre patron :<mark style=\"background-color:rgba(0, 0, 0, 0);color:#8fbf8f\" class=\"has-inline-color\"> <strong>travail \u00e0 domicile, autonomie totale et objectifs que vous d\u00e9finissez vous-m\u00eame<\/strong><\/mark>. Une opportunit\u00e9 id\u00e9ale pour allier performance et flexibilit\u00e9.<\/p>\n\n\n\n<p class=\"has-black-color has-text-color has-link-color has-medium-font-size wp-elements-4ea9ffaace4888e8d6648e9eb342486c\">Enfin, rejoindre notre r\u00e9seau, c\u2019est b\u00e9n\u00e9ficier d\u2019une<strong><mark style=\"background-color:rgba(0, 0, 0, 0);color:#8fbf8f\" class=\"has-inline-color\"> r\u00e9mun\u00e9ration avantageuse<\/mark><\/strong>. En effet, nous proposons <strong><mark style=\"background-color:rgba(0, 0, 0, 0);color:#8fbf8f\" class=\"has-inline-color\">20 %<\/mark><\/strong> de commission <strong><mark style=\"background-color:rgba(0, 0, 0, 0);color:#8fbf8f\" class=\"has-inline-color\">par vente HT<\/mark><\/strong>, soit <strong><mark style=\"background-color:rgba(0, 0, 0, 0);color:#8fbf8f\" class=\"has-inline-color\">deux fois plus<\/mark><\/strong> que dans d\u2019autres agences. Plus vous vendez, plus votre commission augmente, jusqu&rsquo;\u00e0<mark style=\"background-color:rgba(0, 0, 0, 0);color:#8fbf8f\" class=\"has-inline-color\"> <strong>30% !<\/strong><\/mark><\/p>\n\n\n\n<p class=\"has-black-color has-text-color has-link-color has-medium-font-size wp-elements-3f77c898992bccf42127ff92d4196a5e\">N&rsquo;h\u00e9sitez plus, contactez-nous pour participer \u00e0 une <mark style=\"background-color:rgba(0, 0, 0, 0);color:#8fbf8f\" class=\"has-inline-color\"><strong>visioconf\u00e9rence<\/strong> <\/mark>gratuite \u00e0 la date de votre choix !<\/p>\n\n\n\n<p><\/p>\n\n\n<div class=\"wp-block-uagb-faq uagb-faq__outer-wrap uagb-block-e18598f2 uagb-faq-icon-row uagb-faq-layout-accordion uagb-faq-expand-first-true uagb-faq-inactive-other-true uagb-faq__wrap uagb-buttons-layout-wrap uagb-faq-equal-height     \" data-faqtoggle=\"true\" role=\"tablist\"><div class=\"wp-block-uagb-faq-child uagb-faq-child__outer-wrap uagb-faq-item uagb-block-b09f02be \" role=\"tab\" tabindex=\"0\"><div class=\"uagb-faq-questions-button uagb-faq-questions\">\t\t\t<span class=\"uagb-icon uagb-faq-icon-wrap\">\n\t\t\t\t\t\t\t\t<svg xmlns=\"https:\/\/www.w3.org\/2000\/svg\" viewBox= \"0 0 448 512\"><path d=\"M432 256c0 17.69-14.33 32.01-32 32.01H256v144c0 17.69-14.33 31.99-32 31.99s-32-14.3-32-31.99v-144H48c-17.67 0-32-14.32-32-32.01s14.33-31.99 32-31.99H192v-144c0-17.69 14.33-32.01 32-32.01s32 14.32 32 32.01v144h144C417.7 224 432 238.3 432 256z\"><\/path><\/svg>\n\t\t\t\t\t\t\t<\/span>\n\t\t\t\t\t\t<span class=\"uagb-icon-active uagb-faq-icon-wrap\">\n\t\t\t\t\t\t\t\t<svg xmlns=\"https:\/\/www.w3.org\/2000\/svg\" viewBox= \"0 0 448 512\"><path d=\"M400 288h-352c-17.69 0-32-14.32-32-32.01s14.31-31.99 32-31.99h352c17.69 0 32 14.3 32 31.99S417.7 288 400 288z\"><\/path><\/svg>\n\t\t\t\t\t\t\t<\/span>\n\t\t\t<span class=\"uagb-question\"><strong>Quelle est la r\u00e9mun\u00e9ration ?<\/strong><\/span><\/div><div class=\"uagb-faq-content\"><p>La r\u00e9mun\u00e9ration chez <mark style=\"color:#000000\" class=\"has-inline-color\">DigitaLoc <\/mark>constitue un v\u00e9ritable avantage concurrentiel, gr\u00e2ce \u00e0 un pourcentage plus \u00e9lev\u00e9 que la moyenne. Au d\u00e9part, vous percevez 20 % du chiffre d\u2019affaires hors taxes par vente. D\u00e8s 10 ventes r\u00e9alis\u00e9es, votre r\u00e9mun\u00e9ration passe \u00e0 30 % par vente HT. <\/p><\/div><\/div><div class=\"wp-block-uagb-faq-child uagb-faq-child__outer-wrap uagb-faq-item uagb-block-3e93871f \" role=\"tab\" tabindex=\"0\"><div class=\"uagb-faq-questions-button uagb-faq-questions\">\t\t\t<span class=\"uagb-icon uagb-faq-icon-wrap\">\n\t\t\t\t\t\t\t\t<svg xmlns=\"https:\/\/www.w3.org\/2000\/svg\" viewBox= \"0 0 448 512\"><path d=\"M432 256c0 17.69-14.33 32.01-32 32.01H256v144c0 17.69-14.33 31.99-32 31.99s-32-14.3-32-31.99v-144H48c-17.67 0-32-14.32-32-32.01s14.33-31.99 32-31.99H192v-144c0-17.69 14.33-32.01 32-32.01s32 14.32 32 32.01v144h144C417.7 224 432 238.3 432 256z\"><\/path><\/svg>\n\t\t\t\t\t\t\t<\/span>\n\t\t\t\t\t\t<span class=\"uagb-icon-active uagb-faq-icon-wrap\">\n\t\t\t\t\t\t\t\t<svg xmlns=\"https:\/\/www.w3.org\/2000\/svg\" viewBox= \"0 0 448 512\"><path d=\"M400 288h-352c-17.69 0-32-14.32-32-32.01s14.31-31.99 32-31.99h352c17.69 0 32 14.3 32 31.99S417.7 288 400 288z\"><\/path><\/svg>\n\t\t\t\t\t\t\t<\/span>\n\t\t\t<span class=\"uagb-question\"><strong>Je suis int\u00e9ress\u00e9, comment puis-je vous contacter ?<\/strong><\/span><\/div><div class=\"uagb-faq-content\"><p>Il vous suffit de remplir notre formulaire dans la page \u201cContact\u201d et de s\u00e9lectionner l\u2019offre \u201cApporteur d\u2019affaires\u201d. Indiquez ensuite votre e-mail et votre num\u00e9ro de t\u00e9l\u00e9phone, et nous nous occupons du reste.<\/p><\/div><\/div><div class=\"wp-block-uagb-faq-child uagb-faq-child__outer-wrap uagb-faq-item uagb-block-877fcc8c \" role=\"tab\" tabindex=\"0\"><div class=\"uagb-faq-questions-button uagb-faq-questions\">\t\t\t<span class=\"uagb-icon uagb-faq-icon-wrap\">\n\t\t\t\t\t\t\t\t<svg xmlns=\"https:\/\/www.w3.org\/2000\/svg\" viewBox= \"0 0 448 512\"><path d=\"M432 256c0 17.69-14.33 32.01-32 32.01H256v144c0 17.69-14.33 31.99-32 31.99s-32-14.3-32-31.99v-144H48c-17.67 0-32-14.32-32-32.01s14.33-31.99 32-31.99H192v-144c0-17.69 14.33-32.01 32-32.01s32 14.32 32 32.01v144h144C417.7 224 432 238.3 432 256z\"><\/path><\/svg>\n\t\t\t\t\t\t\t<\/span>\n\t\t\t\t\t\t<span class=\"uagb-icon-active uagb-faq-icon-wrap\">\n\t\t\t\t\t\t\t\t<svg xmlns=\"https:\/\/www.w3.org\/2000\/svg\" viewBox= \"0 0 448 512\"><path d=\"M400 288h-352c-17.69 0-32-14.32-32-32.01s14.31-31.99 32-31.99h352c17.69 0 32 14.3 32 31.99S417.7 288 400 288z\"><\/path><\/svg>\n\t\t\t\t\t\t\t<\/span>\n\t\t\t<span class=\"uagb-question\"><strong><strong>Que se passe-t-il si je ne r\u00e9alise aucune vente pendant un mois ?<\/strong><\/strong><\/span><\/div><div class=\"uagb-faq-content\"><p>Vous \u00eates libre de travailler quand vous le souhaitez. Si vous d\u00e9cidez de prendre un mois de vacances, vous en avez pleinement la possibilit\u00e9.<\/p><\/div><\/div><div class=\"wp-block-uagb-faq-child uagb-faq-child__outer-wrap uagb-faq-item uagb-block-a92403a8 \" role=\"tab\" tabindex=\"0\"><div class=\"uagb-faq-questions-button uagb-faq-questions\">\t\t\t<span class=\"uagb-icon uagb-faq-icon-wrap\">\n\t\t\t\t\t\t\t\t<svg xmlns=\"https:\/\/www.w3.org\/2000\/svg\" viewBox= \"0 0 448 512\"><path d=\"M432 256c0 17.69-14.33 32.01-32 32.01H256v144c0 17.69-14.33 31.99-32 31.99s-32-14.3-32-31.99v-144H48c-17.67 0-32-14.32-32-32.01s14.33-31.99 32-31.99H192v-144c0-17.69 14.33-32.01 32-32.01s32 14.32 32 32.01v144h144C417.7 224 432 238.3 432 256z\"><\/path><\/svg>\n\t\t\t\t\t\t\t<\/span>\n\t\t\t\t\t\t<span class=\"uagb-icon-active uagb-faq-icon-wrap\">\n\t\t\t\t\t\t\t\t<svg xmlns=\"https:\/\/www.w3.org\/2000\/svg\" viewBox= \"0 0 448 512\"><path d=\"M400 288h-352c-17.69 0-32-14.32-32-32.01s14.31-31.99 32-31.99h352c17.69 0 32 14.3 32 31.99S417.7 288 400 288z\"><\/path><\/svg>\n\t\t\t\t\t\t\t<\/span>\n\t\t\t<span class=\"uagb-question\"><strong><strong>Quel sera mon statut au sein de <mark style=\"color:#000000\" class=\"has-inline-color\">DigitaLoc <\/mark>?<\/strong><\/strong><\/span><\/div><div class=\"uagb-faq-content\"><p>Vous serez ind\u00e9pendant vis-\u00e0-vis de l\u2019entreprise, avec le statut d\u2019auto-entrepreneur. Nous vous accompagnons dans toutes les d\u00e9marches n\u00e9cessaires.<\/p><\/div><\/div><\/div>\n\n\n<p><\/p>\n","protected":false},"excerpt":{"rendered":"<p>DEVENEZ APPORTEUR D&rsquo;AFFAIRE DEVENEZ APPORTEUR D&rsquo;AFFAIRE DigitaLoc recrute des postes partout en France ! POURQUOI DEVENIR APPORTEUR D&rsquo;AFFAIRES POUR DIGITALOC [&hellip;]<\/p>\n","protected":false},"author":1,"featured_media":0,"parent":0,"menu_order":0,"comment_status":"closed","ping_status":"closed","template":"","meta":{"_uag_custom_page_level_css":"","site-sidebar-layout":"default","site-content-layout":"","ast-site-content-layout":"default","site-content-style":"default","site-sidebar-style":"default","ast-global-header-display":"","ast-banner-title-visibility":"","ast-main-header-display":"","ast-hfb-above-header-display":"","ast-hfb-below-header-display":"","ast-hfb-mobile-header-display":"","site-post-title":"disabled","ast-breadcrumbs-content":"","ast-featured-img":"","footer-sml-layout":"","theme-transparent-header-meta":"","adv-header-id-meta":"","stick-header-meta":"","header-above-stick-meta":"","header-main-stick-meta":"","header-below-stick-meta":"","astra-migrate-meta-layouts":"default","ast-page-background-enabled":"default","ast-page-background-meta":{"desktop":{"background-color":"var(--ast-global-color-5)","background-image":"","background-repeat":"repeat","background-position":"center center","background-size":"auto","background-attachment":"scroll","background-type":"","background-media":"","overlay-type":"","overlay-color":"","overlay-opacity":"","overlay-gradient":""},"tablet":{"background-color":"","background-image":"","background-repeat":"repeat","background-position":"center center","background-size":"auto","background-attachment":"scroll","background-type":"","background-media":"","overlay-type":"","overlay-color":"","overlay-opacity":"","overlay-gradient":""},"mobile":{"background-color":"","background-image":"","background-repeat":"repeat","background-position":"center center","background-size":"auto","background-attachment":"scroll","background-type":"","background-media":"","overlay-type":"","overlay-color":"","overlay-opacity":"","overlay-gradient":""}},"ast-content-background-meta":{"desktop":{"background-color":"var(--ast-global-color-4)","background-image":"","background-repeat":"repeat","background-position":"center center","background-size":"auto","background-attachment":"scroll","background-type":"","background-media":"","overlay-type":"","overlay-color":"","overlay-opacity":"","overlay-gradient":""},"tablet":{"background-color":"var(--ast-global-color-4)","background-image":"","background-repeat":"repeat","background-position":"center center","background-size":"auto","background-attachment":"scroll","background-type":"","background-media":"","overlay-type":"","overlay-color":"","overlay-opacity":"","overlay-gradient":""},"mobile":{"background-color":"var(--ast-global-color-4)","background-image":"","background-repeat":"repeat","background-position":"center center","background-size":"auto","background-attachment":"scroll","background-type":"","background-media":"","overlay-type":"","overlay-color":"","overlay-opacity":"","overlay-gradient":""}},"footnotes":""},"class_list":["post-719","page","type-page","status-publish","hentry"],"yoast_head":"<!-- This site is optimized with the Yoast SEO plugin v26.1.1 - https:\/\/yoast.com\/wordpress\/plugins\/seo\/ -->\n<title>Devenez apporteur d&#039;affaire pour DigitaLoc sans dipl\u00f4me -<\/title>\n<meta name=\"description\" content=\"Transformez votre passion pour la vente en carri\u00e8re avec DigitaLoc. Devenez apporteur d&#039;affaire pour DigitaLoc et recevez une formation gratuite.\" \/>\n<meta name=\"robots\" content=\"index, follow, max-snippet:-1, max-image-preview:large, max-video-preview:-1\" \/>\n<link rel=\"canonical\" href=\"https:\/\/digitaloc.fr\/?page_id=719\" \/>\n<meta property=\"og:locale\" content=\"fr_FR\" \/>\n<meta property=\"og:type\" content=\"article\" \/>\n<meta property=\"og:title\" content=\"Devenez apporteur d&#039;affaire pour DigitaLoc sans dipl\u00f4me -\" \/>\n<meta property=\"og:description\" content=\"Transformez votre passion pour la vente en carri\u00e8re avec DigitaLoc. Devenez apporteur d&#039;affaire pour DigitaLoc et recevez une formation gratuite.\" \/>\n<meta property=\"og:url\" content=\"https:\/\/digitaloc.fr\/?page_id=719\" \/>\n<meta property=\"article:modified_time\" content=\"2025-12-28T14:13:42+00:00\" \/>\n<meta name=\"twitter:card\" content=\"summary_large_image\" \/>\n<meta name=\"twitter:label1\" content=\"Dur\u00e9e de lecture estim\u00e9e\" \/>\n\t<meta name=\"twitter:data1\" content=\"2 minutes\" \/>\n<script type=\"application\/ld+json\" class=\"yoast-schema-graph\">{\"@context\":\"https:\/\/schema.org\",\"@graph\":[{\"@type\":\"WebPage\",\"@id\":\"https:\/\/digitaloc.fr\/?page_id=719\",\"url\":\"https:\/\/digitaloc.fr\/?page_id=719\",\"name\":\"Devenez apporteur d'affaire pour DigitaLoc sans dipl\u00f4me -\",\"isPartOf\":{\"@id\":\"https:\/\/digitaloc.fr\/#website\"},\"datePublished\":\"2025-12-04T21:43:53+00:00\",\"dateModified\":\"2025-12-28T14:13:42+00:00\",\"description\":\"Transformez votre passion pour la vente en carri\u00e8re avec DigitaLoc. Devenez apporteur d'affaire pour DigitaLoc et recevez une formation gratuite.\",\"breadcrumb\":{\"@id\":\"https:\/\/digitaloc.fr\/?page_id=719#breadcrumb\"},\"inLanguage\":\"fr-FR\",\"potentialAction\":[{\"@type\":\"ReadAction\",\"target\":[\"https:\/\/digitaloc.fr\/?page_id=719\"]}]},{\"@type\":\"BreadcrumbList\",\"@id\":\"https:\/\/digitaloc.fr\/?page_id=719#breadcrumb\",\"itemListElement\":[{\"@type\":\"ListItem\",\"position\":1,\"name\":\"Accueil\",\"item\":\"https:\/\/digitaloc.fr\/\"},{\"@type\":\"ListItem\",\"position\":2,\"name\":\"Apporteur d&rsquo;affaire\"}]},{\"@type\":\"WebSite\",\"@id\":\"https:\/\/digitaloc.fr\/#website\",\"url\":\"https:\/\/digitaloc.fr\/\",\"name\":\"\",\"description\":\"\",\"potentialAction\":[{\"@type\":\"SearchAction\",\"target\":{\"@type\":\"EntryPoint\",\"urlTemplate\":\"https:\/\/digitaloc.fr\/?s={search_term_string}\"},\"query-input\":{\"@type\":\"PropertyValueSpecification\",\"valueRequired\":true,\"valueName\":\"search_term_string\"}}],\"inLanguage\":\"fr-FR\"}]}<\/script>\n<!-- \/ Yoast SEO plugin. -->","yoast_head_json":{"title":"Devenez apporteur d'affaire pour DigitaLoc sans dipl\u00f4me -","description":"Transformez votre passion pour la vente en carri\u00e8re avec DigitaLoc. Devenez apporteur d'affaire pour DigitaLoc et recevez une formation gratuite.","robots":{"index":"index","follow":"follow","max-snippet":"max-snippet:-1","max-image-preview":"max-image-preview:large","max-video-preview":"max-video-preview:-1"},"canonical":"https:\/\/digitaloc.fr\/?page_id=719","og_locale":"fr_FR","og_type":"article","og_title":"Devenez apporteur d'affaire pour DigitaLoc sans dipl\u00f4me -","og_description":"Transformez votre passion pour la vente en carri\u00e8re avec DigitaLoc. Devenez apporteur d'affaire pour DigitaLoc et recevez une formation gratuite.","og_url":"https:\/\/digitaloc.fr\/?page_id=719","article_modified_time":"2025-12-28T14:13:42+00:00","twitter_card":"summary_large_image","twitter_misc":{"Dur\u00e9e de lecture estim\u00e9e":"2 minutes"},"schema":{"@context":"https:\/\/schema.org","@graph":[{"@type":"WebPage","@id":"https:\/\/digitaloc.fr\/?page_id=719","url":"https:\/\/digitaloc.fr\/?page_id=719","name":"Devenez apporteur d'affaire pour DigitaLoc sans dipl\u00f4me -","isPartOf":{"@id":"https:\/\/digitaloc.fr\/#website"},"datePublished":"2025-12-04T21:43:53+00:00","dateModified":"2025-12-28T14:13:42+00:00","description":"Transformez votre passion pour la vente en carri\u00e8re avec DigitaLoc. Devenez apporteur d'affaire pour DigitaLoc et recevez une formation gratuite.","breadcrumb":{"@id":"https:\/\/digitaloc.fr\/?page_id=719#breadcrumb"},"inLanguage":"fr-FR","potentialAction":[{"@type":"ReadAction","target":["https:\/\/digitaloc.fr\/?page_id=719"]}]},{"@type":"BreadcrumbList","@id":"https:\/\/digitaloc.fr\/?page_id=719#breadcrumb","itemListElement":[{"@type":"ListItem","position":1,"name":"Accueil","item":"https:\/\/digitaloc.fr\/"},{"@type":"ListItem","position":2,"name":"Apporteur d&rsquo;affaire"}]},{"@type":"WebSite","@id":"https:\/\/digitaloc.fr\/#website","url":"https:\/\/digitaloc.fr\/","name":"","description":"","potentialAction":[{"@type":"SearchAction","target":{"@type":"EntryPoint","urlTemplate":"https:\/\/digitaloc.fr\/?s={search_term_string}"},"query-input":{"@type":"PropertyValueSpecification","valueRequired":true,"valueName":"search_term_string"}}],"inLanguage":"fr-FR"}]}},"uagb_featured_image_src":{"full":false,"thumbnail":false,"medium":false,"medium_large":false,"large":false,"1536x1536":false,"2048x2048":false},"uagb_author_info":{"display_name":"evanabrial940@gmail.com","author_link":"https:\/\/digitaloc.fr\/?author=1"},"uagb_comment_info":0,"uagb_excerpt":"DEVENEZ APPORTEUR D&rsquo;AFFAIRE DEVENEZ APPORTEUR D&rsquo;AFFAIRE DigitaLoc recrute des postes partout en France ! POURQUOI DEVENIR APPORTEUR D&rsquo;AFFAIRES POUR DIGITALOC [&hellip;]","_links":{"self":[{"href":"https:\/\/digitaloc.fr\/index.php?rest_route=\/wp\/v2\/pages\/719","targetHints":{"allow":["GET"]}}],"collection":[{"href":"https:\/\/digitaloc.fr\/index.php?rest_route=\/wp\/v2\/pages"}],"about":[{"href":"https:\/\/digitaloc.fr\/index.php?rest_route=\/wp\/v2\/types\/page"}],"author":[{"embeddable":true,"href":"https:\/\/digitaloc.fr\/index.php?rest_route=\/wp\/v2\/users\/1"}],"replies":[{"embeddable":true,"href":"https:\/\/digitaloc.fr\/index.php?rest_route=%2Fwp%2Fv2%2Fcomments&post=719"}],"version-history":[{"count":28,"href":"https:\/\/digitaloc.fr\/index.php?rest_route=\/wp\/v2\/pages\/719\/revisions"}],"predecessor-version":[{"id":869,"href":"https:\/\/digitaloc.fr\/index.php?rest_route=\/wp\/v2\/pages\/719\/revisions\/869"}],"wp:attachment":[{"href":"https:\/\/digitaloc.fr\/index.php?rest_route=%2Fwp%2Fv2%2Fmedia&parent=719"}],"curies":[{"name":"wp","href":"https:\/\/api.w.org\/{rel}","templated":true}]}}