{"id":83,"date":"2025-10-23T10:42:48","date_gmt":"2025-10-23T08:42:48","guid":{"rendered":"https:\/\/webgites.fr\/?page_id=83"},"modified":"2025-12-28T15:13:00","modified_gmt":"2025-12-28T14:13:00","slug":"contact","status":"publish","type":"page","link":"https:\/\/digitaloc.fr\/?page_id=83","title":{"rendered":"Contact"},"content":{"rendered":"\n<div class=\"wp-block-uagb-container uagb-block-ebad7b20 alignfull uagb-is-root-container\"><div class=\"uagb-container-inner-blocks-wrap\">\n<div class=\"wp-block-uagb-container uagb-block-d275963c\">\n<form method=\"post\" class=\"wp-block-gutena-forms gutena-forms-contact-form gutena_forms_ID_65b8deffd8_10112025203638 after_submit_message is-layout-flow wp-container-gutena-forms-is-layout-00b5b574 wp-block-forms-is-layout-flow\" style=\"padding-top:2rem;padding-bottom:5rem\"><input type=\"hidden\" name=\"formid\" value=\"gutena_forms_ID_65b8deffd8_10112025203638\"\/>\n<div class=\"wp-block-gutena-field-group  field-group-type-text is-layout-flow wp-block-field-group-is-layout-flow\">\n<div class=\"wp-block-group is-vertical is-layout-flex wp-container-core-group-is-layout-501cef26 wp-block-group-is-layout-flex\">\n<h1 class=\"wp-block-heading heading-input-label-gutena has-black-color has-text-color has-link-color wp-elements-bc16cfe979b191c106a4ebbe133bec46\" style=\"font-size:30px\"><strong>FORMULAIRE DE CONTACT<\/strong><\/h1>\n\n\n\n<p><\/p>\n\n\n\n<p class=\"has-text-color has-link-color wp-elements-9558373dd5b828526800ec3acdbfee22\" style=\"color:#8b8b8b\">N&rsquo;h\u00e9sitez pas \u00e0 nous envoyer toutes vos questions, commentaires ou suggestions.<\/p>\n\n\n\n<p><\/p>\n\n\n\n<p class=\"has-black-color has-text-color has-link-color wp-elements-6263d26ced529264ee16804e6214caf1\">Pr\u00e9nom<\/p>\n\n\n<div style=\"border-color:#8fbf8f;border-top-left-radius:0px;border-bottom-right-radius:0px;border-bottom-left-radius:30px;border-top-right-radius:30px;border-width:1px;\" class=\"gutena-forms-text-field field-name-first_name  is-style-round-range-slider wp-block-gutena-form-field has-border-color\"><input\n\t\t\t\t name=\"first_name\" type=\"text\" class=\"gutena-forms-field text-field required-field  \" placeholder=\"Pr\u00e9nom\"  required\n\t\t\t\t\/><\/div><\/div>\n\n\n\n<p class=\"gutena-forms-field-error-msg\"><\/p>\n<\/div>\n\n\n\n<div class=\"wp-block-gutena-field-group  field-group-type-text is-layout-flow wp-block-field-group-is-layout-flow\">\n<div class=\"wp-block-group is-vertical is-layout-flex wp-container-core-group-is-layout-501cef26 wp-block-group-is-layout-flex\">\n<h3 class=\"wp-block-heading heading-input-label-gutena has-black-color has-text-color has-link-color wp-elements-264b22fbb2e104266b300cc559b12bd6\">Nom<\/h3>\n\n\n<div style=\"border-color:#8fbf8f;border-bottom-left-radius:30px;border-top-right-radius:30px;border-width:1px;\" class=\"gutena-forms-text-field field-name-last_name  wp-block-gutena-form-field has-border-color\"><input\n\t\t\t\t name=\"last_name\" type=\"text\" class=\"gutena-forms-field text-field required-field  \" placeholder=\"Nom\"  required\n\t\t\t\t\/><\/div><\/div>\n\n\n\n<p class=\"gutena-forms-field-error-msg\"><\/p>\n<\/div>\n\n\n\n<div class=\"wp-block-gutena-field-group  field-group-type-email is-layout-flow wp-block-field-group-is-layout-flow\">\n<div class=\"wp-block-group is-vertical is-layout-flex wp-container-core-group-is-layout-501cef26 wp-block-group-is-layout-flex\">\n<h3 class=\"wp-block-heading heading-input-label-gutena has-black-color has-text-color has-link-color wp-elements-233feeaf36f421027be5dfc306691627\">Email et\/ou t\u00e9l\u00e9phone<\/h3>\n\n\n<div style=\"border-color:#8fbf8f;border-bottom-left-radius:30px;border-top-right-radius:30px;border-width:1px;\" class=\"gutena-forms-email-field field-name-email  wp-block-gutena-form-field has-border-color\"><input\n\t\t\t\t name=\"email\" type=\"email\" class=\"gutena-forms-field email-field required-field  \" placeholder=\"exemple@gmail.com    |     07.**.**.**.**\"  required\n\t\t\t\t\/><\/div><\/div>\n\n\n\n<p class=\"gutena-forms-field-error-msg\"><\/p>\n<\/div>\n\n\n\n<div class=\"wp-block-gutena-field-group  field-group-type-text field-group-type-range field-group-type-textarea field-group-type-select is-layout-flow wp-block-field-group-is-layout-flow\">\n<div class=\"wp-block-group is-vertical is-layout-flex wp-container-core-group-is-layout-501cef26 wp-block-group-is-layout-flex\">\n<p class=\"has-black-color has-text-color has-link-color wp-elements-85a0380b881e05f2aa5848c63cabae4b\">Offre souhait\u00e9e<\/p>\n\n\n<div style=\"border-color:#8fbf8f;border-bottom-left-radius:30px;border-top-right-radius:30px;border-width:1px;\" class=\"gutena-forms-select-field field-name-subject  wp-elements-4cc3f2977f7bfd2f50cdbbfcfd23aa5a wp-block-gutena-form-field has-text-color has-black-color has-border-color\"><select\n\t\t\t\t name=\"subject\" class=\"gutena-forms-field select-field required-field  \"  required\n\t\t\t\t ><option value=\"S\u00e9lectionnez votre choix\" >S\u00e9lectionnez votre choix<\/option><option value=\"Site vitrine\" >Site vitrine<\/option><option value=\"Site vitrine + r\u00e9f\u00e9rencement naturel ( SEO )\" >Site vitrine + r\u00e9f\u00e9rencement naturel ( SEO )<\/option><option value=\"Apporteur d&#039;affaire\" >Apporteur d&#039;affaire<\/option><option value=\"Autre\" >Autre<\/option><\/select><\/div><\/div>\n\n\n\n<p class=\"gutena-forms-field-error-msg\"><\/p>\n<\/div>\n\n\n\n<div class=\"wp-block-gutena-field-group  field-group-type-textarea field-group-type-text is-layout-flow wp-block-field-group-is-layout-flow\">\n<div class=\"wp-block-group is-vertical is-layout-flex wp-container-core-group-is-layout-501cef26 wp-block-group-is-layout-flex\">\n<h3 class=\"wp-block-heading heading-input-label-gutena has-black-color has-text-color has-link-color wp-elements-3c27a7f7b0164c3039a59dde16f2519c\">Message<\/h3>\n\n\n<div style=\"border-color:#8fbf8f;border-bottom-left-radius:30px;border-top-right-radius:30px;border-width:1px;\" class=\"gutena-forms-text-field field-name-message  wp-block-gutena-form-field has-border-color\"><input\n\t\t\t\t name=\"message\" type=\"text\" class=\"gutena-forms-field text-field required-field  \" placeholder=\"D\u00e9crivez nous vos besoins et votre location\" maxlength=\"500\"  required\n\t\t\t\t\/><\/div><\/div>\n\n\n\n<p class=\"gutena-forms-field-error-msg\"><\/p>\n<\/div>\n\n\n\n<div class=\"wp-block-buttons gutena-forms-submit-buttons is-layout-flex wp-block-buttons-is-layout-flex\">\n<div class=\"wp-block-button has-custom-width wp-block-button__width-100 gutena-forms-submit-button is-style-fill\"><button class=\"wp-block-button__link has-white-color has-text-color has-background has-link-color wp-element-button\" style=\"border-radius:100px;background-color:#8fbf8f;letter-spacing:1px\"><strong>Envoyez mon projet<\/strong><\/button><\/div>\n<\/div>\n\n\n\n<div class=\"wp-block-gutena-form-confirm-msg is-layout-flow wp-block-form-confirm-msg-is-layout-flow\">\n<div class=\"wp-block-group has-background is-content-justification-left is-nowrap is-layout-flex wp-container-core-group-is-layout-385d3396 wp-block-group-is-layout-flex\" style=\"border-radius:5px;background-color:#d8eacc;padding-top:12px;padding-right:12px;padding-bottom:12px;padding-left:12px\">\n<figure class=\"wp-block-image size-large form-message-icon\"><img decoding=\"async\" src=\"data:image\/svg+xml;base64,PHN2ZyB3aWR0aD0iMTYiIGhlaWdodD0iMTYiIHZpZXdCb3g9IjAgMCAxNiAxNiIgZmlsbD0ibm9uZSIgeG1sbnM9Imh0dHA6Ly93d3cudzMub3JnLzIwMDAvc3ZnIj4NCjxwYXRoIGQ9Ik04IDE2QzMuNTgxNiAxNiAwIDEyLjQxODQgMCA4QzAgMy41ODE2IDMuNTgxNiAwIDggMEMxMi40MTg0IDAgMTYgMy41ODE2IDE2IDhDMTYgMTIuNDE4NCAxMi40MTg0IDE2IDggMTZaTTggMTQuNEM5LjY5NzM5IDE0LjQgMTEuMzI1MyAxMy43MjU3IDEyLjUyNTUgMTIuNTI1NUMxMy43MjU3IDExLjMyNTMgMTQuNCA5LjY5NzM5IDE0LjQgOEMxNC40IDYuMzAyNjEgMTMuNzI1NyA0LjY3NDc1IDEyLjUyNTUgMy40NzQ1MkMxMS4zMjUzIDIuMjc0MjggOS42OTczOSAxLjYgOCAxLjZDNi4zMDI2MSAxLjYgNC42NzQ3NSAyLjI3NDI4IDMuNDc0NTIgMy40NzQ1MkMyLjI3NDI4IDQuNjc0NzUgMS42IDYuMzAyNjEgMS42IDhDMS42IDkuNjk3MzkgMi4yNzQyOCAxMS4zMjUzIDMuNDc0NTIgMTIuNTI1NUM0LjY3NDc1IDEzLjcyNTcgNi4zMDI2MSAxNC40IDggMTQuNFpNNy4yMDI0IDExLjJMMy44MDggNy44MDU2TDQuOTM5MiA2LjY3NDRMNy4yMDI0IDguOTM3NkwxMS43MjcyIDQuNDEyTDEyLjg1OTIgNS41NDMyTDcuMjAyNCAxMS4yWiIgZmlsbD0iIzQ2ODQxRSIvPg0KPC9zdmc+DQo=\" alt=\"Success\" class=\"wp-image-3811\"\/><\/figure>\n\n\n\n<p class=\"has-black-color has-text-color has-tiny-font-size\" style=\"font-size:12px;font-style:normal;font-weight:500;line-height:1.2\"><strong>Votre formulaire a \u00e9t\u00e9 soumis avec succ\u00e8s !<\/strong><\/p>\n<\/div>\n<\/div>\n\n\n\n<div class=\"wp-block-gutena-form-error-msg is-layout-flow wp-block-form-error-msg-is-layout-flow\">\n<div class=\"wp-block-group has-background is-content-justification-left is-nowrap is-layout-flex wp-container-core-group-is-layout-385d3396 wp-block-group-is-layout-flex\" style=\"border-radius:5px;background-color:#ffd3d3;padding-top:12px;padding-right:12px;padding-bottom:12px;padding-left:12px\">\n<figure class=\"wp-block-image size-large form-message-icon\"><img decoding=\"async\" src=\"data:image\/svg+xml;base64,PHN2ZyB3aWR0aD0iMTYiIGhlaWdodD0iMTYiIHZpZXdCb3g9IjAgMCAxNiAxNiIgZmlsbD0ibm9uZSIgeG1sbnM9Imh0dHA6Ly93d3cudzMub3JnLzIwMDAvc3ZnIj4NCjxwYXRoIGQ9Ik04IDE2QzMuNTgxNiAxNiAwIDEyLjQxODQgMCA4QzAgMy41ODE2IDMuNTgxNiAwIDggMEMxMi40MTg0IDAgMTYgMy41ODE2IDE2IDhDMTYgMTIuNDE4NCAxMi40MTg0IDE2IDggMTZaTTggMTQuNEM5LjY5NzM5IDE0LjQgMTEuMzI1MyAxMy43MjU3IDEyLjUyNTUgMTIuNTI1NUMxMy43MjU3IDExLjMyNTMgMTQuNCA5LjY5NzM5IDE0LjQgOEMxNC40IDYuMzAyNjEgMTMuNzI1NyA0LjY3NDc1IDEyLjUyNTUgMy40NzQ1MkMxMS4zMjUzIDIuMjc0MjggOS42OTczOSAxLjYgOCAxLjZDNi4zMDI2MSAxLjYgNC42NzQ3NSAyLjI3NDI4IDMuNDc0NTIgMy40NzQ1MkMyLjI3NDI4IDQuNjc0NzUgMS42IDYuMzAyNjEgMS42IDhDMS42IDkuNjk3MzkgMi4yNzQyOCAxMS4zMjUzIDMuNDc0NTIgMTIuNTI1NUM0LjY3NDc1IDEzLjcyNTcgNi4zMDI2MSAxNC40IDggMTQuNFpNNy4yIDEwLjRIOC44VjEySDcuMlYxMC40Wk03LjIgNEg4LjhWOC44SDcuMlY0WiIgZmlsbD0iI0M1MTkxOSIvPg0KPC9zdmc+DQo=\" alt=\"Error\" class=\"wp-image-3811\"\/><\/figure>\n\n\n\n<p class=\"gutena-forms-error-text has-black-color has-text-color\" style=\"font-size:12px;font-style:normal;font-weight:500;line-height:1.2\"><strong>D\u00e9sol\u00e9 ! Votre formulaire n&rsquo;a pas \u00e9t\u00e9 soumis correctement. Veuillez v\u00e9rifier les erreurs ci-dessus.<\/strong><\/p>\n<\/div>\n<\/div>\n<\/form>\n<\/div>\n\n\n\n<div class=\"wp-block-uagb-container uagb-block-1b507aaf\">\n<div class=\"wp-block-columns is-layout-flex wp-container-core-columns-is-layout-28f84493 wp-block-columns-is-layout-flex\">\n<div class=\"wp-block-column is-layout-flow wp-block-column-is-layout-flow\" style=\"flex-basis:100%\">\n<div class=\"wp-block-group is-layout-constrained wp-block-group-is-layout-constrained\">\n<div class=\"wp-block-columns is-layout-flex wp-container-core-columns-is-layout-28f84493 wp-block-columns-is-layout-flex\">\n<div class=\"wp-block-column is-layout-flow wp-block-column-is-layout-flow\" style=\"flex-basis:100%\">\n<div class=\"wp-block-uagb-container uagb-block-c63c5725\">\n<h2 class=\"wp-block-heading\"><strong>Vous avez une id\u00e9e ou besoin de conseils ?<\/strong><\/h2>\n\n\n\n<p class=\"has-text-color has-link-color wp-elements-22c6a1445396d182d7242272f382dff5\" style=\"color:#6b6b6b\">Avec <mark style=\"background-color:rgba(0, 0, 0, 0);color:#6b6b6b\" class=\"has-inline-color\">DigitaLoc<\/mark>, b\u00e9n\u00e9ficiez d\u2019un support rapide et de solutions efficaces.<\/p>\n\n\n\n<div class=\"wp-block-uagb-info-box uagb-block-e71630cb uagb-infobox__content-wrap  uagb-infobox-icon-left uagb-infobox-left uagb-infobox-stacked-tablet uagb-infobox-image-valign-top\"><div class=\"uagb-ifb-icon-wrap\"><svg xmlns=\"https:\/\/www.w3.org\/2000\/svg\" viewBox=\"0 0 512 512\"><path d=\"M464 64C490.5 64 512 85.49 512 112C512 127.1 504.9 141.3 492.8 150.4L275.2 313.6C263.8 322.1 248.2 322.1 236.8 313.6L19.2 150.4C7.113 141.3 0 127.1 0 112C0 85.49 21.49 64 48 64H464zM217.6 339.2C240.4 356.3 271.6 356.3 294.4 339.2L512 176V384C512 419.3 483.3 448 448 448H64C28.65 448 0 419.3 0 384V176L217.6 339.2z\"><\/path><\/svg><\/div><div class=\"uagb-ifb-content\"><div class=\"uagb-ifb-title-wrap\"><h3 class=\"uagb-ifb-title\">E-mail<\/h3><\/div><p class=\"uagb-ifb-desc\">Contact@digitaloc.fr<\/p><\/div><\/div>\n\n\n\n<div class=\"wp-block-uagb-info-box uagb-block-55d07bc4 uagb-infobox__content-wrap  uagb-infobox-icon-left uagb-infobox-left uagb-infobox-stacked-tablet uagb-infobox-image-valign-top\"><div class=\"uagb-ifb-icon-wrap\"><svg xmlns=\"https:\/\/www.w3.org\/2000\/svg\" viewBox=\"0 0 512 512\"><path d=\"M511.2 387l-23.25 100.8c-3.266 14.25-15.79 24.22-30.46 24.22C205.2 512 0 306.8 0 54.5c0-14.66 9.969-27.2 24.22-30.45l100.8-23.25C139.7-2.602 154.7 5.018 160.8 18.92l46.52 108.5c5.438 12.78 1.77 27.67-8.98 36.45L144.5 207.1c33.98 69.22 90.26 125.5 159.5 159.5l44.08-53.8c8.688-10.78 23.69-14.51 36.47-8.975l108.5 46.51C506.1 357.2 514.6 372.4 511.2 387z\"><\/path><\/svg><\/div><div class=\"uagb-ifb-content\"><div class=\"uagb-ifb-title-wrap\"><h3 class=\"uagb-ifb-title\">T\u00e9l\u00e9phone<\/h3><\/div><p class=\"uagb-ifb-desc\">07.66.26.57.24<\/p><\/div><\/div>\n\n\n\n<div class=\"wp-block-uagb-info-box uagb-block-627aef2b uagb-infobox__content-wrap  uagb-infobox-icon-left uagb-infobox-left uagb-infobox-stacked-tablet uagb-infobox-image-valign-top\"><div class=\"uagb-ifb-icon-wrap\"><svg xmlns=\"https:\/\/www.w3.org\/2000\/svg\" viewBox=\"0 0 512 512\"><path d=\"M256 512C114.6 512 0 397.4 0 256C0 114.6 114.6 0 256 0C397.4 0 512 114.6 512 256C512 397.4 397.4 512 256 512zM232 256C232 264 236 271.5 242.7 275.1L338.7 339.1C349.7 347.3 364.6 344.3 371.1 333.3C379.3 322.3 376.3 307.4 365.3 300L280 243.2V120C280 106.7 269.3 96 255.1 96C242.7 96 231.1 106.7 231.1 120L232 256z\"><\/path><\/svg><\/div><div class=\"uagb-ifb-content\"><div class=\"uagb-ifb-title-wrap\"><h3 class=\"uagb-ifb-title\">Horaire d&rsquo;ouverture<\/h3><\/div><p class=\"uagb-ifb-desc\">Lundi &#8211; Samedi : 9h00 \u00e0 19h00<\/p><\/div><\/div>\n<\/div>\n<\/div>\n<\/div>\n<\/div>\n<\/div>\n<\/div>\n\n\n\n<h2 class=\"wp-block-heading\"><strong>Suivez-nous sur nos r\u00e9seaux sociaux<\/strong><\/h2>\n\n\n\n<ul class=\"wp-block-social-links aligncenter is-content-justification-center is-layout-flex wp-container-core-social-links-is-layout-a89b3969 wp-block-social-links-is-layout-flex\"><li class=\"wp-social-link wp-social-link-instagram  wp-block-social-link\"><a href=\"https:\/\/www.instagram.com\/digitaloc.fr\/\" class=\"wp-block-social-link-anchor\"><svg width=\"24\" height=\"24\" viewBox=\"0 0 24 24\" version=\"1.1\" xmlns=\"http:\/\/www.w3.org\/2000\/svg\" aria-hidden=\"true\" focusable=\"false\"><path d=\"M12,4.622c2.403,0,2.688,0.009,3.637,0.052c0.877,0.04,1.354,0.187,1.671,0.31c0.42,0.163,0.72,0.358,1.035,0.673 c0.315,0.315,0.51,0.615,0.673,1.035c0.123,0.317,0.27,0.794,0.31,1.671c0.043,0.949,0.052,1.234,0.052,3.637 s-0.009,2.688-0.052,3.637c-0.04,0.877-0.187,1.354-0.31,1.671c-0.163,0.42-0.358,0.72-0.673,1.035 c-0.315,0.315-0.615,0.51-1.035,0.673c-0.317,0.123-0.794,0.27-1.671,0.31c-0.949,0.043-1.233,0.052-3.637,0.052 s-2.688-0.009-3.637-0.052c-0.877-0.04-1.354-0.187-1.671-0.31c-0.42-0.163-0.72-0.358-1.035-0.673 c-0.315-0.315-0.51-0.615-0.673-1.035c-0.123-0.317-0.27-0.794-0.31-1.671C4.631,14.688,4.622,14.403,4.622,12 s0.009-2.688,0.052-3.637c0.04-0.877,0.187-1.354,0.31-1.671c0.163-0.42,0.358-0.72,0.673-1.035 c0.315-0.315,0.615-0.51,1.035-0.673c0.317-0.123,0.794-0.27,1.671-0.31C9.312,4.631,9.597,4.622,12,4.622 M12,3 C9.556,3,9.249,3.01,8.289,3.054C7.331,3.098,6.677,3.25,6.105,3.472C5.513,3.702,5.011,4.01,4.511,4.511 c-0.5,0.5-0.808,1.002-1.038,1.594C3.25,6.677,3.098,7.331,3.054,8.289C3.01,9.249,3,9.556,3,12c0,2.444,0.01,2.751,0.054,3.711 c0.044,0.958,0.196,1.612,0.418,2.185c0.23,0.592,0.538,1.094,1.038,1.594c0.5,0.5,1.002,0.808,1.594,1.038 c0.572,0.222,1.227,0.375,2.185,0.418C9.249,20.99,9.556,21,12,21s2.751-0.01,3.711-0.054c0.958-0.044,1.612-0.196,2.185-0.418 c0.592-0.23,1.094-0.538,1.594-1.038c0.5-0.5,0.808-1.002,1.038-1.594c0.222-0.572,0.375-1.227,0.418-2.185 C20.99,14.751,21,14.444,21,12s-0.01-2.751-0.054-3.711c-0.044-0.958-0.196-1.612-0.418-2.185c-0.23-0.592-0.538-1.094-1.038-1.594 c-0.5-0.5-1.002-0.808-1.594-1.038c-0.572-0.222-1.227-0.375-2.185-0.418C14.751,3.01,14.444,3,12,3L12,3z M12,7.378 c-2.552,0-4.622,2.069-4.622,4.622S9.448,16.622,12,16.622s4.622-2.069,4.622-4.622S14.552,7.378,12,7.378z M12,15 c-1.657,0-3-1.343-3-3s1.343-3,3-3s3,1.343,3,3S13.657,15,12,15z M16.804,6.116c-0.596,0-1.08,0.484-1.08,1.08 s0.484,1.08,1.08,1.08c0.596,0,1.08-0.484,1.08-1.08S17.401,6.116,16.804,6.116z\"><\/path><\/svg><span class=\"wp-block-social-link-label screen-reader-text\">Instagram<\/span><\/a><\/li>\n\n<li class=\"wp-social-link wp-social-link-facebook  wp-block-social-link\"><a href=\"https:\/\/www.facebook.com\/web.gites\" class=\"wp-block-social-link-anchor\"><svg width=\"24\" height=\"24\" viewBox=\"0 0 24 24\" version=\"1.1\" xmlns=\"http:\/\/www.w3.org\/2000\/svg\" aria-hidden=\"true\" focusable=\"false\"><path d=\"M12 2C6.5 2 2 6.5 2 12c0 5 3.7 9.1 8.4 9.9v-7H7.9V12h2.5V9.8c0-2.5 1.5-3.9 3.8-3.9 1.1 0 2.2.2 2.2.2v2.5h-1.3c-1.2 0-1.6.8-1.6 1.6V12h2.8l-.4 2.9h-2.3v7C18.3 21.1 22 17 22 12c0-5.5-4.5-10-10-10z\"><\/path><\/svg><span class=\"wp-block-social-link-label screen-reader-text\">Facebook<\/span><\/a><\/li>\n\n<\/ul>\n\n\n\n<p><\/p>\n\n\n\n<p><\/p>\n\n\n\n<p><\/p>\n<\/div>\n<\/div><\/div>\n\n\n\n<p><\/p>\n","protected":false},"excerpt":{"rendered":"<p>Vous avez une id\u00e9e ou besoin de conseils ? Avec DigitaLoc, b\u00e9n\u00e9ficiez d\u2019un support rapide et de solutions efficaces. Suivez-nous [&hellip;]<\/p>\n","protected":false},"author":1,"featured_media":0,"parent":0,"menu_order":0,"comment_status":"closed","ping_status":"closed","template":"","meta":{"_uag_custom_page_level_css":"","site-sidebar-layout":"default","site-content-layout":"","ast-site-content-layout":"default","site-content-style":"default","site-sidebar-style":"default","ast-global-header-display":"","ast-banner-title-visibility":"","ast-main-header-display":"","ast-hfb-above-header-display":"","ast-hfb-below-header-display":"","ast-hfb-mobile-header-display":"","site-post-title":"disabled","ast-breadcrumbs-content":"","ast-featured-img":"","footer-sml-layout":"","theme-transparent-header-meta":"","adv-header-id-meta":"","stick-header-meta":"","header-above-stick-meta":"","header-main-stick-meta":"","header-below-stick-meta":"","astra-migrate-meta-layouts":"default","ast-page-background-enabled":"default","ast-page-background-meta":{"desktop":{"background-color":"var(--ast-global-color-5)","background-image":"","background-repeat":"repeat","background-position":"center center","background-size":"auto","background-attachment":"scroll","background-type":"","background-media":"","overlay-type":"","overlay-color":"","overlay-opacity":"","overlay-gradient":""},"tablet":{"background-color":"","background-image":"","background-repeat":"repeat","background-position":"center center","background-size":"auto","background-attachment":"scroll","background-type":"","background-media":"","overlay-type":"","overlay-color":"","overlay-opacity":"","overlay-gradient":""},"mobile":{"background-color":"","background-image":"","background-repeat":"repeat","background-position":"center center","background-size":"auto","background-attachment":"scroll","background-type":"","background-media":"","overlay-type":"","overlay-color":"","overlay-opacity":"","overlay-gradient":""}},"ast-content-background-meta":{"desktop":{"background-color":"var(--ast-global-color-4)","background-image":"","background-repeat":"repeat","background-position":"center center","background-size":"auto","background-attachment":"scroll","background-type":"","background-media":"","overlay-type":"","overlay-color":"","overlay-opacity":"","overlay-gradient":""},"tablet":{"background-color":"var(--ast-global-color-4)","background-image":"","background-repeat":"repeat","background-position":"center center","background-size":"auto","background-attachment":"scroll","background-type":"","background-media":"","overlay-type":"","overlay-color":"","overlay-opacity":"","overlay-gradient":""},"mobile":{"background-color":"var(--ast-global-color-4)","background-image":"","background-repeat":"repeat","background-position":"center center","background-size":"auto","background-attachment":"scroll","background-type":"","background-media":"","overlay-type":"","overlay-color":"","overlay-opacity":"","overlay-gradient":""}},"footnotes":""},"class_list":["post-83","page","type-page","status-publish","hentry"],"yoast_head":"<!-- This site is optimized with the Yoast SEO plugin v26.1.1 - https:\/\/yoast.com\/wordpress\/plugins\/seo\/ -->\n<title>Contactez-nous et am\u00e9liorez vos services -<\/title>\n<meta name=\"description\" content=\"Envie de digitaliser votre location ? Contactez-nous pour un support rapide et des solutions adapt\u00e9es \u00e0 vos besoins.\" \/>\n<meta name=\"robots\" content=\"index, follow, max-snippet:-1, max-image-preview:large, max-video-preview:-1\" \/>\n<link rel=\"canonical\" href=\"https:\/\/digitaloc.fr\/?page_id=83\" \/>\n<meta property=\"og:locale\" content=\"fr_FR\" \/>\n<meta property=\"og:type\" content=\"article\" \/>\n<meta property=\"og:title\" content=\"Contactez-nous et am\u00e9liorez vos services -\" \/>\n<meta property=\"og:description\" content=\"Envie de digitaliser votre location ? Contactez-nous pour un support rapide et des solutions adapt\u00e9es \u00e0 vos besoins.\" \/>\n<meta property=\"og:url\" content=\"https:\/\/digitaloc.fr\/?page_id=83\" \/>\n<meta property=\"article:modified_time\" content=\"2025-12-28T14:13:00+00:00\" \/>\n<meta name=\"twitter:card\" content=\"summary_large_image\" \/>\n<meta name=\"twitter:label1\" content=\"Dur\u00e9e de lecture estim\u00e9e\" \/>\n\t<meta name=\"twitter:data1\" content=\"1 minute\" \/>\n<script type=\"application\/ld+json\" class=\"yoast-schema-graph\">{\"@context\":\"https:\/\/schema.org\",\"@graph\":[{\"@type\":\"WebPage\",\"@id\":\"https:\/\/digitaloc.fr\/?page_id=83\",\"url\":\"https:\/\/digitaloc.fr\/?page_id=83\",\"name\":\"Contactez-nous et am\u00e9liorez vos services -\",\"isPartOf\":{\"@id\":\"https:\/\/digitaloc.fr\/#website\"},\"datePublished\":\"2025-10-23T08:42:48+00:00\",\"dateModified\":\"2025-12-28T14:13:00+00:00\",\"description\":\"Envie de digitaliser votre location ? Contactez-nous pour un support rapide et des solutions adapt\u00e9es \u00e0 vos besoins.\",\"breadcrumb\":{\"@id\":\"https:\/\/digitaloc.fr\/?page_id=83#breadcrumb\"},\"inLanguage\":\"fr-FR\",\"potentialAction\":[{\"@type\":\"ReadAction\",\"target\":[\"https:\/\/digitaloc.fr\/?page_id=83\"]}]},{\"@type\":\"BreadcrumbList\",\"@id\":\"https:\/\/digitaloc.fr\/?page_id=83#breadcrumb\",\"itemListElement\":[{\"@type\":\"ListItem\",\"position\":1,\"name\":\"Accueil\",\"item\":\"https:\/\/digitaloc.fr\/\"},{\"@type\":\"ListItem\",\"position\":2,\"name\":\"Contact\"}]},{\"@type\":\"WebSite\",\"@id\":\"https:\/\/digitaloc.fr\/#website\",\"url\":\"https:\/\/digitaloc.fr\/\",\"name\":\"\",\"description\":\"\",\"potentialAction\":[{\"@type\":\"SearchAction\",\"target\":{\"@type\":\"EntryPoint\",\"urlTemplate\":\"https:\/\/digitaloc.fr\/?s={search_term_string}\"},\"query-input\":{\"@type\":\"PropertyValueSpecification\",\"valueRequired\":true,\"valueName\":\"search_term_string\"}}],\"inLanguage\":\"fr-FR\"}]}<\/script>\n<!-- \/ Yoast SEO plugin. -->","yoast_head_json":{"title":"Contactez-nous et am\u00e9liorez vos services -","description":"Envie de digitaliser votre location ? Contactez-nous pour un support rapide et des solutions adapt\u00e9es \u00e0 vos besoins.","robots":{"index":"index","follow":"follow","max-snippet":"max-snippet:-1","max-image-preview":"max-image-preview:large","max-video-preview":"max-video-preview:-1"},"canonical":"https:\/\/digitaloc.fr\/?page_id=83","og_locale":"fr_FR","og_type":"article","og_title":"Contactez-nous et am\u00e9liorez vos services -","og_description":"Envie de digitaliser votre location ? Contactez-nous pour un support rapide et des solutions adapt\u00e9es \u00e0 vos besoins.","og_url":"https:\/\/digitaloc.fr\/?page_id=83","article_modified_time":"2025-12-28T14:13:00+00:00","twitter_card":"summary_large_image","twitter_misc":{"Dur\u00e9e de lecture estim\u00e9e":"1 minute"},"schema":{"@context":"https:\/\/schema.org","@graph":[{"@type":"WebPage","@id":"https:\/\/digitaloc.fr\/?page_id=83","url":"https:\/\/digitaloc.fr\/?page_id=83","name":"Contactez-nous et am\u00e9liorez vos services -","isPartOf":{"@id":"https:\/\/digitaloc.fr\/#website"},"datePublished":"2025-10-23T08:42:48+00:00","dateModified":"2025-12-28T14:13:00+00:00","description":"Envie de digitaliser votre location ? Contactez-nous pour un support rapide et des solutions adapt\u00e9es \u00e0 vos besoins.","breadcrumb":{"@id":"https:\/\/digitaloc.fr\/?page_id=83#breadcrumb"},"inLanguage":"fr-FR","potentialAction":[{"@type":"ReadAction","target":["https:\/\/digitaloc.fr\/?page_id=83"]}]},{"@type":"BreadcrumbList","@id":"https:\/\/digitaloc.fr\/?page_id=83#breadcrumb","itemListElement":[{"@type":"ListItem","position":1,"name":"Accueil","item":"https:\/\/digitaloc.fr\/"},{"@type":"ListItem","position":2,"name":"Contact"}]},{"@type":"WebSite","@id":"https:\/\/digitaloc.fr\/#website","url":"https:\/\/digitaloc.fr\/","name":"","description":"","potentialAction":[{"@type":"SearchAction","target":{"@type":"EntryPoint","urlTemplate":"https:\/\/digitaloc.fr\/?s={search_term_string}"},"query-input":{"@type":"PropertyValueSpecification","valueRequired":true,"valueName":"search_term_string"}}],"inLanguage":"fr-FR"}]}},"uagb_featured_image_src":{"full":false,"thumbnail":false,"medium":false,"medium_large":false,"large":false,"1536x1536":false,"2048x2048":false},"uagb_author_info":{"display_name":"evanabrial940@gmail.com","author_link":"https:\/\/digitaloc.fr\/?author=1"},"uagb_comment_info":0,"uagb_excerpt":"Vous avez une id\u00e9e ou besoin de conseils ? Avec DigitaLoc, b\u00e9n\u00e9ficiez d\u2019un support rapide et de solutions efficaces. Suivez-nous [&hellip;]","_links":{"self":[{"href":"https:\/\/digitaloc.fr\/index.php?rest_route=\/wp\/v2\/pages\/83","targetHints":{"allow":["GET"]}}],"collection":[{"href":"https:\/\/digitaloc.fr\/index.php?rest_route=\/wp\/v2\/pages"}],"about":[{"href":"https:\/\/digitaloc.fr\/index.php?rest_route=\/wp\/v2\/types\/page"}],"author":[{"embeddable":true,"href":"https:\/\/digitaloc.fr\/index.php?rest_route=\/wp\/v2\/users\/1"}],"replies":[{"embeddable":true,"href":"https:\/\/digitaloc.fr\/index.php?rest_route=%2Fwp%2Fv2%2Fcomments&post=83"}],"version-history":[{"count":34,"href":"https:\/\/digitaloc.fr\/index.php?rest_route=\/wp\/v2\/pages\/83\/revisions"}],"predecessor-version":[{"id":874,"href":"https:\/\/digitaloc.fr\/index.php?rest_route=\/wp\/v2\/pages\/83\/revisions\/874"}],"wp:attachment":[{"href":"https:\/\/digitaloc.fr\/index.php?rest_route=%2Fwp%2Fv2%2Fmedia&parent=83"}],"curies":[{"name":"wp","href":"https:\/\/api.w.org\/{rel}","templated":true}]}}